{"id":11,"date":"2017-05-20T13:14:09","date_gmt":"2017-05-20T11:14:09","guid":{"rendered":"http:\/\/kinkyclub.fr\/?page_id=11"},"modified":"2018-10-05T10:54:45","modified_gmt":"2018-10-05T08:54:45","slug":"le-dejeuner-coquin-au-kinky-club","status":"publish","type":"page","link":"https:\/\/kinkyclub.fr\/index.php\/le-dejeuner-coquin-au-kinky-club\/","title":{"rendered":"Le D\u00e9jeuner Coquin au Kinky Club"},"content":{"rendered":"<p>Envie d&#8217;une pause gourmande ou coquine ?<br \/>\nNe choisissez plus entre les deux; venez allier les plaisirs de la bouche et ceux du jeu au <a href=\"http:\/\/www.kinkyclub.fr\">Kinky Club<\/a> !<\/p>\n<p>De 13h \u00e0 15h, loin des restaurants bruyants et h\u00f4tels \u00e0 la d\u00e9coration impersonnelle, votre bulle\u00a0 se cr\u00e9e dans le c\u00e9l\u00e8bre club BDSM Parisien, <a href=\"http:\/\/cris-et-chuchotements.com\">&#8220;Cris et Chuchotements&#8221;<\/a>.<br \/>\nDu salon baroque aux lumi\u00e8res tamis\u00e9es \u00e0 ses salles de jeux \u00e9quip\u00e9es, chaque recoin saura vous ravir les sens tandis vos papilles seront combl\u00e9es par le plateau traiteur du jour.<\/p>\n<div class=\"\" data-block=\"true\" data-editor=\"2ej8o\" data-offset-key=\"3aot8-0-0\"><\/div>\n<p>&nbsp;<\/p>\n<p><strong>Tarifs pour le D\u00e9jeuner<\/strong>\u00a0(acc\u00e8s aux <a href=\"http:\/\/kinkyclub.fr\/index.php\/les-gouters-du-kinky-club\/\">Go\u00fbters<\/a> inclus jusqu&#8217;\u00e0 19h30)<\/p>\n<p>15\u20ac\/ pers = 1 planche + 1 verre de vin (+ prix d&#8217;entr\u00e9e au Club)<\/p>\n<p>Merci de penser \u00e0 envoyer un mail ou sms pour <a href=\"http:\/\/kinkyclub.fr\/index.php\/contact\/\">r\u00e9server votre planche<\/a><\/p>\n<p>calamitysteph@kinkyclub.fr ou 06 89 42 46 33<\/p>\n","protected":false},"excerpt":{"rendered":"<p>Envie d&#8217;une pause gourmande ou coquine ? Ne choisissez plus entre les deux; venez allier les plaisirs de la bouche et ceux du jeu au Kinky Club ! De 13h \u00e0 15h, loin des restaurants bruyants et h\u00f4tels \u00e0 la d\u00e9coration impersonnelle, votre bulle\u00a0 se cr\u00e9e dans le c\u00e9l\u00e8bre club BDSM Parisien, &#8220;Cris et Chuchotements&#8221;. [&hellip;]<\/p>\n","protected":false},"author":1,"featured_media":36,"parent":0,"menu_order":0,"comment_status":"closed","ping_status":"closed","template":"","meta":{"footnotes":""},"class_list":["post-11","page","type-page","status-publish","has-post-thumbnail"],"yoast_head":"<!-- This site is optimized with the Yoast SEO plugin v27.3 - https:\/\/yoast.com\/product\/yoast-seo-wordpress\/ -->\n<title>Le D\u00e9jeuner Coquin au Kinky Club - Kinky Club : vid\u00e9os de Kinbaku<\/title>\n<meta name=\"robots\" content=\"index, follow, max-snippet:-1, max-image-preview:large, max-video-preview:-1\" \/>\n<link rel=\"canonical\" href=\"https:\/\/kinkyclub.fr\/index.php\/le-dejeuner-coquin-au-kinky-club\/\" \/>\n<meta property=\"og:locale\" content=\"fr_FR\" \/>\n<meta property=\"og:type\" content=\"article\" \/>\n<meta property=\"og:title\" content=\"Le D\u00e9jeuner Coquin au Kinky Club - Kinky Club : vid\u00e9os de Kinbaku\" \/>\n<meta property=\"og:description\" content=\"Envie d&#8217;une pause gourmande ou coquine ? Ne choisissez plus entre les deux; venez allier les plaisirs de la bouche et ceux du jeu au Kinky Club ! De 13h \u00e0 15h, loin des restaurants bruyants et h\u00f4tels \u00e0 la d\u00e9coration impersonnelle, votre bulle\u00a0 se cr\u00e9e dans le c\u00e9l\u00e8bre club BDSM Parisien, &#8220;Cris et Chuchotements&#8221;. [&hellip;]\" \/>\n<meta property=\"og:url\" content=\"https:\/\/kinkyclub.fr\/index.php\/le-dejeuner-coquin-au-kinky-club\/\" \/>\n<meta property=\"og:site_name\" content=\"Kinky Club : vid\u00e9os de Kinbaku\" \/>\n<meta property=\"article:publisher\" content=\"https:\/\/www.facebook.com\/kinkyclubparis\" \/>\n<meta property=\"article:modified_time\" content=\"2018-10-05T08:54:45+00:00\" \/>\n<meta property=\"og:image\" content=\"https:\/\/kinkyclub.fr\/wp-content\/uploads\/2017\/05\/DVP_3827.jpg\" \/>\n\t<meta property=\"og:image:width\" content=\"1800\" \/>\n\t<meta property=\"og:image:height\" content=\"1201\" \/>\n\t<meta property=\"og:image:type\" content=\"image\/jpeg\" \/>\n<meta name=\"twitter:card\" content=\"summary_large_image\" \/>\n<meta name=\"twitter:site\" content=\"@kinkyclub\" \/>\n<meta name=\"twitter:label1\" content=\"Dur\u00e9e de lecture estim\u00e9e\" \/>\n\t<meta name=\"twitter:data1\" content=\"1 minute\" \/>\n<script type=\"application\/ld+json\" class=\"yoast-schema-graph\">{\"@context\":\"https:\\\/\\\/schema.org\",\"@graph\":[{\"@type\":\"WebPage\",\"@id\":\"https:\\\/\\\/kinkyclub.fr\\\/index.php\\\/le-dejeuner-coquin-au-kinky-club\\\/\",\"url\":\"https:\\\/\\\/kinkyclub.fr\\\/index.php\\\/le-dejeuner-coquin-au-kinky-club\\\/\",\"name\":\"Le D\u00e9jeuner Coquin au Kinky Club - Kinky Club : vid\u00e9os de Kinbaku\",\"isPartOf\":{\"@id\":\"https:\\\/\\\/kinkyclub.fr\\\/#website\"},\"primaryImageOfPage\":{\"@id\":\"https:\\\/\\\/kinkyclub.fr\\\/index.php\\\/le-dejeuner-coquin-au-kinky-club\\\/#primaryimage\"},\"image\":{\"@id\":\"https:\\\/\\\/kinkyclub.fr\\\/index.php\\\/le-dejeuner-coquin-au-kinky-club\\\/#primaryimage\"},\"thumbnailUrl\":\"https:\\\/\\\/kinkyclub.fr\\\/wp-content\\\/uploads\\\/2017\\\/05\\\/DVP_3827.jpg\",\"datePublished\":\"2017-05-20T11:14:09+00:00\",\"dateModified\":\"2018-10-05T08:54:45+00:00\",\"breadcrumb\":{\"@id\":\"https:\\\/\\\/kinkyclub.fr\\\/index.php\\\/le-dejeuner-coquin-au-kinky-club\\\/#breadcrumb\"},\"inLanguage\":\"fr-FR\",\"potentialAction\":[{\"@type\":\"ReadAction\",\"target\":[\"https:\\\/\\\/kinkyclub.fr\\\/index.php\\\/le-dejeuner-coquin-au-kinky-club\\\/\"]}]},{\"@type\":\"ImageObject\",\"inLanguage\":\"fr-FR\",\"@id\":\"https:\\\/\\\/kinkyclub.fr\\\/index.php\\\/le-dejeuner-coquin-au-kinky-club\\\/#primaryimage\",\"url\":\"https:\\\/\\\/kinkyclub.fr\\\/wp-content\\\/uploads\\\/2017\\\/05\\\/DVP_3827.jpg\",\"contentUrl\":\"https:\\\/\\\/kinkyclub.fr\\\/wp-content\\\/uploads\\\/2017\\\/05\\\/DVP_3827.jpg\",\"width\":1800,\"height\":1201},{\"@type\":\"BreadcrumbList\",\"@id\":\"https:\\\/\\\/kinkyclub.fr\\\/index.php\\\/le-dejeuner-coquin-au-kinky-club\\\/#breadcrumb\",\"itemListElement\":[{\"@type\":\"ListItem\",\"position\":1,\"name\":\"Home\",\"item\":\"https:\\\/\\\/kinkyclub.fr\\\/\"},{\"@type\":\"ListItem\",\"position\":2,\"name\":\"Le D\u00e9jeuner Coquin au Kinky Club\"}]},{\"@type\":\"WebSite\",\"@id\":\"https:\\\/\\\/kinkyclub.fr\\\/#website\",\"url\":\"https:\\\/\\\/kinkyclub.fr\\\/\",\"name\":\"Kinky Club : vid\u00e9os de Kinbaku\",\"description\":\"Raw Kinbaku. La corde ne ment jamais.\",\"potentialAction\":[{\"@type\":\"SearchAction\",\"target\":{\"@type\":\"EntryPoint\",\"urlTemplate\":\"https:\\\/\\\/kinkyclub.fr\\\/?s={search_term_string}\"},\"query-input\":{\"@type\":\"PropertyValueSpecification\",\"valueRequired\":true,\"valueName\":\"search_term_string\"}}],\"inLanguage\":\"fr-FR\"}]}<\/script>\n<!-- \/ Yoast SEO plugin. -->","yoast_head_json":{"title":"Le D\u00e9jeuner Coquin au Kinky Club - Kinky Club : vid\u00e9os de Kinbaku","robots":{"index":"index","follow":"follow","max-snippet":"max-snippet:-1","max-image-preview":"max-image-preview:large","max-video-preview":"max-video-preview:-1"},"canonical":"https:\/\/kinkyclub.fr\/index.php\/le-dejeuner-coquin-au-kinky-club\/","og_locale":"fr_FR","og_type":"article","og_title":"Le D\u00e9jeuner Coquin au Kinky Club - Kinky Club : vid\u00e9os de Kinbaku","og_description":"Envie d&#8217;une pause gourmande ou coquine ? Ne choisissez plus entre les deux; venez allier les plaisirs de la bouche et ceux du jeu au Kinky Club ! De 13h \u00e0 15h, loin des restaurants bruyants et h\u00f4tels \u00e0 la d\u00e9coration impersonnelle, votre bulle\u00a0 se cr\u00e9e dans le c\u00e9l\u00e8bre club BDSM Parisien, &#8220;Cris et Chuchotements&#8221;. [&hellip;]","og_url":"https:\/\/kinkyclub.fr\/index.php\/le-dejeuner-coquin-au-kinky-club\/","og_site_name":"Kinky Club : vid\u00e9os de Kinbaku","article_publisher":"https:\/\/www.facebook.com\/kinkyclubparis","article_modified_time":"2018-10-05T08:54:45+00:00","og_image":[{"width":1800,"height":1201,"url":"https:\/\/kinkyclub.fr\/wp-content\/uploads\/2017\/05\/DVP_3827.jpg","type":"image\/jpeg"}],"twitter_card":"summary_large_image","twitter_site":"@kinkyclub","twitter_misc":{"Dur\u00e9e de lecture estim\u00e9e":"1 minute"},"schema":{"@context":"https:\/\/schema.org","@graph":[{"@type":"WebPage","@id":"https:\/\/kinkyclub.fr\/index.php\/le-dejeuner-coquin-au-kinky-club\/","url":"https:\/\/kinkyclub.fr\/index.php\/le-dejeuner-coquin-au-kinky-club\/","name":"Le D\u00e9jeuner Coquin au Kinky Club - Kinky Club : vid\u00e9os de Kinbaku","isPartOf":{"@id":"https:\/\/kinkyclub.fr\/#website"},"primaryImageOfPage":{"@id":"https:\/\/kinkyclub.fr\/index.php\/le-dejeuner-coquin-au-kinky-club\/#primaryimage"},"image":{"@id":"https:\/\/kinkyclub.fr\/index.php\/le-dejeuner-coquin-au-kinky-club\/#primaryimage"},"thumbnailUrl":"https:\/\/kinkyclub.fr\/wp-content\/uploads\/2017\/05\/DVP_3827.jpg","datePublished":"2017-05-20T11:14:09+00:00","dateModified":"2018-10-05T08:54:45+00:00","breadcrumb":{"@id":"https:\/\/kinkyclub.fr\/index.php\/le-dejeuner-coquin-au-kinky-club\/#breadcrumb"},"inLanguage":"fr-FR","potentialAction":[{"@type":"ReadAction","target":["https:\/\/kinkyclub.fr\/index.php\/le-dejeuner-coquin-au-kinky-club\/"]}]},{"@type":"ImageObject","inLanguage":"fr-FR","@id":"https:\/\/kinkyclub.fr\/index.php\/le-dejeuner-coquin-au-kinky-club\/#primaryimage","url":"https:\/\/kinkyclub.fr\/wp-content\/uploads\/2017\/05\/DVP_3827.jpg","contentUrl":"https:\/\/kinkyclub.fr\/wp-content\/uploads\/2017\/05\/DVP_3827.jpg","width":1800,"height":1201},{"@type":"BreadcrumbList","@id":"https:\/\/kinkyclub.fr\/index.php\/le-dejeuner-coquin-au-kinky-club\/#breadcrumb","itemListElement":[{"@type":"ListItem","position":1,"name":"Home","item":"https:\/\/kinkyclub.fr\/"},{"@type":"ListItem","position":2,"name":"Le D\u00e9jeuner Coquin au Kinky Club"}]},{"@type":"WebSite","@id":"https:\/\/kinkyclub.fr\/#website","url":"https:\/\/kinkyclub.fr\/","name":"Kinky Club : vid\u00e9os de Kinbaku","description":"Raw Kinbaku. La corde ne ment jamais.","potentialAction":[{"@type":"SearchAction","target":{"@type":"EntryPoint","urlTemplate":"https:\/\/kinkyclub.fr\/?s={search_term_string}"},"query-input":{"@type":"PropertyValueSpecification","valueRequired":true,"valueName":"search_term_string"}}],"inLanguage":"fr-FR"}]}},"_links":{"self":[{"href":"https:\/\/kinkyclub.fr\/index.php\/wp-json\/wp\/v2\/pages\/11","targetHints":{"allow":["GET"]}}],"collection":[{"href":"https:\/\/kinkyclub.fr\/index.php\/wp-json\/wp\/v2\/pages"}],"about":[{"href":"https:\/\/kinkyclub.fr\/index.php\/wp-json\/wp\/v2\/types\/page"}],"author":[{"embeddable":true,"href":"https:\/\/kinkyclub.fr\/index.php\/wp-json\/wp\/v2\/users\/1"}],"replies":[{"embeddable":true,"href":"https:\/\/kinkyclub.fr\/index.php\/wp-json\/wp\/v2\/comments?post=11"}],"version-history":[{"count":27,"href":"https:\/\/kinkyclub.fr\/index.php\/wp-json\/wp\/v2\/pages\/11\/revisions"}],"predecessor-version":[{"id":1180,"href":"https:\/\/kinkyclub.fr\/index.php\/wp-json\/wp\/v2\/pages\/11\/revisions\/1180"}],"wp:featuredmedia":[{"embeddable":true,"href":"https:\/\/kinkyclub.fr\/index.php\/wp-json\/wp\/v2\/media\/36"}],"wp:attachment":[{"href":"https:\/\/kinkyclub.fr\/index.php\/wp-json\/wp\/v2\/media?parent=11"}],"curies":[{"name":"wp","href":"https:\/\/api.w.org\/{rel}","templated":true}]}}