{"id":116,"date":"2017-06-25T00:17:36","date_gmt":"2017-06-24T22:17:36","guid":{"rendered":"http:\/\/kinkyclub.fr\/?page_id=116"},"modified":"2017-06-25T00:17:36","modified_gmt":"2017-06-24T22:17:36","slug":"disclaimer","status":"publish","type":"page","link":"https:\/\/kinkyclub.fr\/index.php\/disclaimer\/","title":{"rendered":"Disclaimer"},"content":{"rendered":"<p>Ce site est interdit aux mineurs de moins de 18 ans et est strictement r\u00e9serv\u00e9 \u00e0 un public adulte averti, en ce qu\u2019il propose en partie un contenu pornographique susceptible de nuire \u00e0 l\u2019\u00e9panouissement physique, mental ou moral des mineurs.<\/p>\n<p>Le fait par tout adulte de proposer ou d\u2019imposer, \u00e0 un mineur, \u00e0 des fins immorales, de voir ou d\u2019entendre, un programme de cat\u00e9gorie V disponible au sein de la rubrique \u00ab adulte \u00bb est passible d\u2019une peine de 5 \u00e0 7 ans d\u2019emprisonnement et de 75.000 \u00e0 100.000 euros d\u2019amende.<\/p>\n","protected":false},"excerpt":{"rendered":"<p>Ce site est interdit aux mineurs de moins de 18 ans et est strictement r\u00e9serv\u00e9 \u00e0 un public adulte averti, en ce qu\u2019il propose en partie un contenu pornographique susceptible de nuire \u00e0 l\u2019\u00e9panouissement physique, mental ou moral des mineurs. Le fait par tout adulte de proposer ou d\u2019imposer, \u00e0 un mineur, \u00e0 des fins [&hellip;]<\/p>\n","protected":false},"author":1,"featured_media":0,"parent":0,"menu_order":0,"comment_status":"closed","ping_status":"closed","template":"","meta":{"footnotes":""},"class_list":["post-116","page","type-page","status-publish"],"yoast_head":"<!-- This site is optimized with the Yoast SEO plugin v27.3 - https:\/\/yoast.com\/product\/yoast-seo-wordpress\/ -->\n<title>Disclaimer - Kinky Club : vid\u00e9os de Kinbaku<\/title>\n<meta name=\"robots\" content=\"index, follow, max-snippet:-1, max-image-preview:large, max-video-preview:-1\" \/>\n<link rel=\"canonical\" href=\"https:\/\/kinkyclub.fr\/index.php\/disclaimer\/\" \/>\n<meta property=\"og:locale\" content=\"fr_FR\" \/>\n<meta property=\"og:type\" content=\"article\" \/>\n<meta property=\"og:title\" content=\"Disclaimer - Kinky Club : vid\u00e9os de Kinbaku\" \/>\n<meta property=\"og:description\" content=\"Ce site est interdit aux mineurs de moins de 18 ans et est strictement r\u00e9serv\u00e9 \u00e0 un public adulte averti, en ce qu\u2019il propose en partie un contenu pornographique susceptible de nuire \u00e0 l\u2019\u00e9panouissement physique, mental ou moral des mineurs. Le fait par tout adulte de proposer ou d\u2019imposer, \u00e0 un mineur, \u00e0 des fins [&hellip;]\" \/>\n<meta property=\"og:url\" content=\"https:\/\/kinkyclub.fr\/index.php\/disclaimer\/\" \/>\n<meta property=\"og:site_name\" content=\"Kinky Club : vid\u00e9os de Kinbaku\" \/>\n<meta property=\"article:publisher\" content=\"https:\/\/www.facebook.com\/kinkyclubparis\" \/>\n<meta name=\"twitter:card\" content=\"summary_large_image\" \/>\n<meta name=\"twitter:site\" content=\"@kinkyclub\" \/>\n<script type=\"application\/ld+json\" class=\"yoast-schema-graph\">{\"@context\":\"https:\\\/\\\/schema.org\",\"@graph\":[{\"@type\":\"WebPage\",\"@id\":\"https:\\\/\\\/kinkyclub.fr\\\/index.php\\\/disclaimer\\\/\",\"url\":\"https:\\\/\\\/kinkyclub.fr\\\/index.php\\\/disclaimer\\\/\",\"name\":\"Disclaimer - Kinky Club : vid\u00e9os de Kinbaku\",\"isPartOf\":{\"@id\":\"https:\\\/\\\/kinkyclub.fr\\\/#website\"},\"datePublished\":\"2017-06-24T22:17:36+00:00\",\"breadcrumb\":{\"@id\":\"https:\\\/\\\/kinkyclub.fr\\\/index.php\\\/disclaimer\\\/#breadcrumb\"},\"inLanguage\":\"fr-FR\",\"potentialAction\":[{\"@type\":\"ReadAction\",\"target\":[\"https:\\\/\\\/kinkyclub.fr\\\/index.php\\\/disclaimer\\\/\"]}]},{\"@type\":\"BreadcrumbList\",\"@id\":\"https:\\\/\\\/kinkyclub.fr\\\/index.php\\\/disclaimer\\\/#breadcrumb\",\"itemListElement\":[{\"@type\":\"ListItem\",\"position\":1,\"name\":\"Home\",\"item\":\"https:\\\/\\\/kinkyclub.fr\\\/\"},{\"@type\":\"ListItem\",\"position\":2,\"name\":\"Disclaimer\"}]},{\"@type\":\"WebSite\",\"@id\":\"https:\\\/\\\/kinkyclub.fr\\\/#website\",\"url\":\"https:\\\/\\\/kinkyclub.fr\\\/\",\"name\":\"Kinky Club : vid\u00e9os de Kinbaku\",\"description\":\"Raw Kinbaku. La corde ne ment jamais.\",\"potentialAction\":[{\"@type\":\"SearchAction\",\"target\":{\"@type\":\"EntryPoint\",\"urlTemplate\":\"https:\\\/\\\/kinkyclub.fr\\\/?s={search_term_string}\"},\"query-input\":{\"@type\":\"PropertyValueSpecification\",\"valueRequired\":true,\"valueName\":\"search_term_string\"}}],\"inLanguage\":\"fr-FR\"}]}<\/script>\n<!-- \/ Yoast SEO plugin. -->","yoast_head_json":{"title":"Disclaimer - Kinky Club : vid\u00e9os de Kinbaku","robots":{"index":"index","follow":"follow","max-snippet":"max-snippet:-1","max-image-preview":"max-image-preview:large","max-video-preview":"max-video-preview:-1"},"canonical":"https:\/\/kinkyclub.fr\/index.php\/disclaimer\/","og_locale":"fr_FR","og_type":"article","og_title":"Disclaimer - Kinky Club : vid\u00e9os de Kinbaku","og_description":"Ce site est interdit aux mineurs de moins de 18 ans et est strictement r\u00e9serv\u00e9 \u00e0 un public adulte averti, en ce qu\u2019il propose en partie un contenu pornographique susceptible de nuire \u00e0 l\u2019\u00e9panouissement physique, mental ou moral des mineurs. Le fait par tout adulte de proposer ou d\u2019imposer, \u00e0 un mineur, \u00e0 des fins [&hellip;]","og_url":"https:\/\/kinkyclub.fr\/index.php\/disclaimer\/","og_site_name":"Kinky Club : vid\u00e9os de Kinbaku","article_publisher":"https:\/\/www.facebook.com\/kinkyclubparis","twitter_card":"summary_large_image","twitter_site":"@kinkyclub","schema":{"@context":"https:\/\/schema.org","@graph":[{"@type":"WebPage","@id":"https:\/\/kinkyclub.fr\/index.php\/disclaimer\/","url":"https:\/\/kinkyclub.fr\/index.php\/disclaimer\/","name":"Disclaimer - Kinky Club : vid\u00e9os de Kinbaku","isPartOf":{"@id":"https:\/\/kinkyclub.fr\/#website"},"datePublished":"2017-06-24T22:17:36+00:00","breadcrumb":{"@id":"https:\/\/kinkyclub.fr\/index.php\/disclaimer\/#breadcrumb"},"inLanguage":"fr-FR","potentialAction":[{"@type":"ReadAction","target":["https:\/\/kinkyclub.fr\/index.php\/disclaimer\/"]}]},{"@type":"BreadcrumbList","@id":"https:\/\/kinkyclub.fr\/index.php\/disclaimer\/#breadcrumb","itemListElement":[{"@type":"ListItem","position":1,"name":"Home","item":"https:\/\/kinkyclub.fr\/"},{"@type":"ListItem","position":2,"name":"Disclaimer"}]},{"@type":"WebSite","@id":"https:\/\/kinkyclub.fr\/#website","url":"https:\/\/kinkyclub.fr\/","name":"Kinky Club : vid\u00e9os de Kinbaku","description":"Raw Kinbaku. La corde ne ment jamais.","potentialAction":[{"@type":"SearchAction","target":{"@type":"EntryPoint","urlTemplate":"https:\/\/kinkyclub.fr\/?s={search_term_string}"},"query-input":{"@type":"PropertyValueSpecification","valueRequired":true,"valueName":"search_term_string"}}],"inLanguage":"fr-FR"}]}},"_links":{"self":[{"href":"https:\/\/kinkyclub.fr\/index.php\/wp-json\/wp\/v2\/pages\/116","targetHints":{"allow":["GET"]}}],"collection":[{"href":"https:\/\/kinkyclub.fr\/index.php\/wp-json\/wp\/v2\/pages"}],"about":[{"href":"https:\/\/kinkyclub.fr\/index.php\/wp-json\/wp\/v2\/types\/page"}],"author":[{"embeddable":true,"href":"https:\/\/kinkyclub.fr\/index.php\/wp-json\/wp\/v2\/users\/1"}],"replies":[{"embeddable":true,"href":"https:\/\/kinkyclub.fr\/index.php\/wp-json\/wp\/v2\/comments?post=116"}],"version-history":[{"count":2,"href":"https:\/\/kinkyclub.fr\/index.php\/wp-json\/wp\/v2\/pages\/116\/revisions"}],"predecessor-version":[{"id":1145,"href":"https:\/\/kinkyclub.fr\/index.php\/wp-json\/wp\/v2\/pages\/116\/revisions\/1145"}],"wp:attachment":[{"href":"https:\/\/kinkyclub.fr\/index.php\/wp-json\/wp\/v2\/media?parent=116"}],"curies":[{"name":"wp","href":"https:\/\/api.w.org\/{rel}","templated":true}]}}