{"id":1188,"date":"2018-10-09T14:43:53","date_gmt":"2018-10-09T12:43:53","guid":{"rendered":"https:\/\/kinkyclub.fr\/index.php\/iump-tos-page\/"},"modified":"2018-10-29T13:13:30","modified_gmt":"2018-10-29T12:13:30","slug":"iump-tos-page","status":"publish","type":"page","link":"https:\/\/kinkyclub.fr\/index.php\/iump-tos-page\/","title":{"rendered":"Kinky Club &#8211; CGV et CGU"},"content":{"rendered":"<p><strong>Conditions g\u00e9n\u00e9rales de vente<\/p>\n<p>ARTICLE 1 :<\/strong>\u00a0Objet<\/p>\n<p>Les pr\u00e9sentes \u00ab conditions g\u00e9n\u00e9rales d&#8217;utilisation \u00bb ont pour objet l&#8217;encadrement juridique des modalit\u00e9s de mise \u00e0 disposition des services de\u00a0<strong> Kinky Club <\/strong>(le \u00ab Site \u00bb) et leur utilisation par \u00ab l&#8217;Utilisateur \u00bb.<\/p>\n<p>Les conditions g\u00e9n\u00e9rales d&#8217;utilisation doivent \u00eatre accept\u00e9es par tout Utilisateur souhaitant acc\u00e9der au Site. Elles constituent le contrat entre le site et l&#8217;Utilisateur. L\u2019acc\u00e8s au site par l\u2019Utilisateur signifie son acceptation des pr\u00e9sentes conditions g\u00e9n\u00e9rales d\u2019utilisation.<\/p>\n<p><strong>\u00a0Kinky Club <\/strong>se r\u00e9serve le droit de modifier unilat\u00e9ralement et \u00e0 tout moment le contenu des pr\u00e9sentes conditions g\u00e9n\u00e9rales d&#8217;utilisation.<\/p>\n<p>Le Site offre un service de divertissement en ligne qui contient des repr\u00e9sentations et descriptions d\u2019une activit\u00e9 sexuelle explicite.<\/p>\n<p>&nbsp;<\/p>\n<p><strong>ARTICLE 2 :<\/strong>\u00a0Mentions l\u00e9gales<\/p>\n<p>L&#8217;h\u00e9bergeur du site\u00a0<strong> Kinky Club <\/strong>est la Soci\u00e9t\u00e9 OVH au registre du commerce de Lille M\u00e9tropole 424 761 419 00045. Le Directeur de la publication du site est Monsieur Alexandre Heyman.<\/p>\n<p>Vous reconnaissez \u00eatre au courant de la nature des contenus fournis par ce Site, que vous n\u2019\u00eates pas offens\u00e9 par ce type de contenu et que vous acc\u00e9dez au Site de votre plein gr\u00e9.<\/p>\n<p>Vous justifiez d\u2019avoir au moins 18 ans, et que vous avez la capacit\u00e9 l\u00e9gale de conclure un accord. Si vous n\u2019avez pas 18 ans, vous devez sortir du Site imm\u00e9diatement et ne pas utiliser ou acc\u00e9der au Site ou imprimer ou t\u00e9l\u00e9charger quelque contenu que ce soit de celui-ci.<\/p>\n<p>Vous comprenez que tous les mod\u00e8les apparaissant sur le Site avaient, au moment de l\u2019enregistrement de ces images, au moins 18 ans, et que le Site ne contient aucune pornographie mettant en sc\u00e8ne des enfants.<br \/>\nNous gardons une position ferme contre la pornographie avec des enfants et ne publions uniquement des images d\u2019adultes consentants pour des adultes consentants.<\/p>\n<p>&nbsp;<\/p>\n<p><strong>ARTICLE 3 :<\/strong>\u00a0D\u00e9finitions<\/p>\n<p>La pr\u00e9sente clause a pour objet de d\u00e9finir les diff\u00e9rents termes essentiels du contrat :<\/p>\n<p>Site : ce terme correspond au site \u00e9tant \u00e0 l\u2019url suivante : www.kinkyclub.fr<\/p>\n<p>Utilisateur : ce terme d\u00e9signe toute personne qui utilise le Site ou l&#8217;un des services propos\u00e9s par le site.<\/p>\n<p>Contenu utilisateur : ce sont les donn\u00e9es transmises par l&#8217;Utilisateur au sein du Site.<\/p>\n<p>Membre : l&#8217;Utilisateur devient membre lorsqu&#8217;il est identifi\u00e9 sur le Site.<\/p>\n<p>Identifiant et mot de passe : c&#8217;est l&#8217;ensemble des informations n\u00e9cessaires \u00e0 l&#8217;identification d&#8217;un Utilisateur sur le Site. L&#8217;identifiant et le mot de passe permettent \u00e0 l&#8217;Utilisateur d&#8217;acc\u00e9der \u00e0 des services r\u00e9serv\u00e9s aux membres du Site. Le mot de passe est confidentiel.<\/p>\n<p><strong>ARTICLE 4 :<\/strong>\u00a0Acc\u00e8s aux services<\/p>\n<p>Le Site permet \u00e0 l&#8217;Utilisateur un acc\u00e8s gratuit aux services suivants :<\/p>\n<ul>\n<li>Visionnage d\u2019extraits de vid\u00e9os en ligne<\/li>\n<li>Visionnage de photos en ligne<\/li>\n<li>Visionnage en ligne de vid\u00e9os, apr\u00e8s souscription d\u2019un abonnement ou achat \u00e0 l\u2019unit\u00e9.<\/li>\n<\/ul>\n<p>Le Site est accessible gratuitement en tout lieu et \u00e0 tout Utilisateur ayant un acc\u00e8s \u00e0 Internet. Tous les frais support\u00e9s par l&#8217;Utilisateur pour acc\u00e9der au service (mat\u00e9riel informatique, logiciels, connexion Internet, etc.) sont \u00e0 sa charge.<\/p>\n<p>L\u2019Utilisateur non membre n&#8217;a pas acc\u00e8s aux services r\u00e9serv\u00e9s aux membres. Pour cela, il doit s&#8217;identifier \u00e0 l&#8217;aide de son identifiant et de son mot de passe.<\/p>\n<p>Le Site met en \u0153uvre tous les moyens mis \u00e0 sa disposition pour assurer un acc\u00e8s de qualit\u00e9 \u00e0 ses services. L&#8217;obligation \u00e9tant de moyens, le Site ne s&#8217;engage pas \u00e0 atteindre ce r\u00e9sultat.<\/p>\n<p>Tout \u00e9v\u00e9nement d\u00fb \u00e0 un cas de force majeure ayant pour cons\u00e9quence un dysfonctionnement du r\u00e9seau ou du serveur n&#8217;engage pas la responsabilit\u00e9 de Kinky Club.<\/p>\n<p>L&#8217;acc\u00e8s aux services du Site peut \u00e0 tout moment faire l&#8217;objet d&#8217;une interruption, d&#8217;une suspension, d&#8217;une modification sans pr\u00e9avis pour une maintenance ou pour tout autre cas. L&#8217;Utilisateur s&#8217;oblige \u00e0 ne r\u00e9clamer aucune indemnisation suite \u00e0 l&#8217;interruption, \u00e0 la suspension ou \u00e0 la modification du pr\u00e9sent contrat.<\/p>\n<p>L&#8217;Utilisateur a la possibilit\u00e9 de contacter le site par messagerie \u00e9lectronique \u00e0 l\u2019adresse support@kinkyclub.fr.<\/p>\n<p><strong>ARTICLE 5 :<\/strong>\u00a0Propri\u00e9t\u00e9 intellectuelle<\/p>\n<p>Les marques, logos, signes et tout autre contenu du Site font l&#8217;objet d&#8217;une protection par le Code de la propri\u00e9t\u00e9 intellectuelle et plus particuli\u00e8rement par le droit d&#8217;auteur.<\/p>\n<p>L&#8217;Utilisateur doit solliciter l&#8217;autorisation pr\u00e9alable du site pour toute reproduction, publication, copie des diff\u00e9rents contenus.<\/p>\n<p>L&#8217;Utilisateur s&#8217;engage \u00e0 une utilisation des contenus du Site dans un cadre strictement priv\u00e9. Une utilisation des contenus \u00e0 des fins commerciales est strictement interdite.<\/p>\n<p><strong>ARTICLE 6 :<\/strong>\u00a0Donn\u00e9es personnelles<\/p>\n<p>Les informations demand\u00e9es \u00e0 l\u2019inscription au Site sont n\u00e9cessaires et obligatoires pour la cr\u00e9ation du compte de l&#8217;Utilisateur. En particulier, l&#8217;adresse \u00e9lectronique pourra \u00eatre utilis\u00e9e par le Site pour l&#8217;administration, la gestion et l&#8217;animation du service.<\/p>\n<p>Conform\u00e9ment au R\u00e8glement G\u00e9n\u00e9ral pour la Protection des Donn\u00e9es:<\/p>\n<ul>\n<li>le Site assure \u00e0 l&#8217;Utilisateur une collecte et un traitement d&#8217;informations personnelles dans le respect de la vie priv\u00e9e,<\/li>\n<li>l&#8217;Utilisateur dispose d&#8217;un droit d&#8217;acc\u00e8s, de rectification, de suppression et d&#8217;opposition de ses donn\u00e9es personnelles lorsque celui-ci a cr\u00e9\u00e9 un compte. L&#8217;Utilisateur exerce ce droit via sur simple demande \u00e0 l\u2019adresse email support@kinkyclub.fr.<\/li>\n<\/ul>\n<p><strong>ARTICLE 7 :<\/strong>\u00a0Responsabilit\u00e9 et force majeure<\/p>\n<p>Les sources des informations diffus\u00e9es sur le Site sont r\u00e9put\u00e9es fiables. Toutefois, le Site se r\u00e9serve la facult\u00e9 d&#8217;une non-garantie de la fiabilit\u00e9 des sources. Les informations donn\u00e9es sur le Site le sont \u00e0 titre purement informatif. Ainsi, l&#8217;Utilisateur assume seul l&#8217;enti\u00e8re responsabilit\u00e9 de l&#8217;utilisation des informations et contenus du pr\u00e9sent site.<\/p>\n<p>L&#8217;Utilisateur s&#8217;assure de garder son mot de passe secret. Toute divulgation du mot de passe, quelle que soit sa forme, est interdite.<\/p>\n<p>L&#8217;Utilisateur assume les risques li\u00e9s \u00e0 l&#8217;utilisation de son identifiant et mot de passe. Le Site d\u00e9cline toute responsabilit\u00e9.<\/p>\n<p>Tout usage du service par l&#8217;Utilisateur ayant directement ou indirectement pour cons\u00e9quence des dommages doit faire l&#8217;objet d&#8217;une indemnisation au profit du Site.<\/p>\n<p>Une garantie optimale de la s\u00e9curit\u00e9 et de la confidentialit\u00e9 des donn\u00e9es transmises n&#8217;est pas assur\u00e9e par le Site. Toutefois, le site s&#8217;engage \u00e0 mettre en \u0153uvre tous les moyens n\u00e9cessaires afin de garantir au mieux la s\u00e9curit\u00e9 et la confidentialit\u00e9 des donn\u00e9es.<\/p>\n<p>La responsabilit\u00e9 du Site ne peut \u00eatre engag\u00e9e en cas de force majeure ou du fait impr\u00e9visible et insurmontable d&#8217;un tiers.<\/p>\n<p><strong>ARTICLE 8 :<\/strong>\u00a0Liens hypertextes<br \/>\nDe nombreux liens hypertextes sortants sont pr\u00e9sents sur le Site, cependant les pages web o\u00f9 m\u00e8nent ces liens n&#8217;engagent en rien la responsabilit\u00e9 de\u00a0<strong>Kinky Club <\/strong>qui n&#8217;a pas le contr\u00f4le de ces liens.<\/p>\n<p>L&#8217;Utilisateur s&#8217;interdit donc \u00e0 engager la responsabilit\u00e9 du Site concernant le contenu et les ressources relatives \u00e0 ces liens hypertextes sortants.<\/p>\n<p><strong>ARTICLE 9 :<\/strong>\u00a0\u00c9volution du contrat<br \/>\nLe site se r\u00e9serve \u00e0 tout moment le droit de modifier les clauses stipul\u00e9es dans le pr\u00e9sent contrat.<\/p>\n<p><strong>ARTICLE 10 :<\/strong>\u00a0Dur\u00e9e<br \/>\nLa dur\u00e9e du pr\u00e9sent contrat est ind\u00e9termin\u00e9e. Le contrat produit ses effets \u00e0 l&#8217;\u00e9gard de l&#8217;Utilisateur \u00e0 compter de l&#8217;utilisation du service.<\/p>\n<p><strong>ARTICLE 11 :<\/strong>\u00a0Droit applicable et juridiction comp\u00e9tente<br \/>\nLa l\u00e9gislation fran\u00e7aise s&#8217;applique au pr\u00e9sent contrat.<\/p>\n<p>&nbsp;<\/p>\n","protected":false},"excerpt":{"rendered":"<p>Conditions g\u00e9n\u00e9rales de vente ARTICLE 1 :\u00a0Objet Les pr\u00e9sentes \u00ab conditions g\u00e9n\u00e9rales d&#8217;utilisation \u00bb ont pour objet l&#8217;encadrement juridique des modalit\u00e9s de mise \u00e0 disposition des services de\u00a0 Kinky Club (le \u00ab Site \u00bb) et leur utilisation par \u00ab l&#8217;Utilisateur \u00bb. Les conditions g\u00e9n\u00e9rales d&#8217;utilisation doivent \u00eatre accept\u00e9es par tout Utilisateur souhaitant acc\u00e9der au Site. [&hellip;]<\/p>\n","protected":false},"author":1,"featured_media":0,"parent":0,"menu_order":0,"comment_status":"closed","ping_status":"closed","template":"","meta":{"footnotes":""},"class_list":["post-1188","page","type-page","status-publish"],"yoast_head":"<!-- This site is optimized with the Yoast SEO plugin v27.3 - https:\/\/yoast.com\/product\/yoast-seo-wordpress\/ -->\n<title>Kinky Club - CGV et CGU - Kinky Club : vid\u00e9os de Kinbaku<\/title>\n<meta name=\"robots\" content=\"index, follow, max-snippet:-1, max-image-preview:large, max-video-preview:-1\" \/>\n<link rel=\"canonical\" href=\"https:\/\/kinkyclub.fr\/index.php\/iump-tos-page\/\" \/>\n<meta property=\"og:locale\" content=\"fr_FR\" \/>\n<meta property=\"og:type\" content=\"article\" \/>\n<meta property=\"og:title\" content=\"Kinky Club - CGV et CGU - Kinky Club : vid\u00e9os de Kinbaku\" \/>\n<meta property=\"og:description\" content=\"Conditions g\u00e9n\u00e9rales de vente ARTICLE 1 :\u00a0Objet Les pr\u00e9sentes \u00ab conditions g\u00e9n\u00e9rales d&#8217;utilisation \u00bb ont pour objet l&#8217;encadrement juridique des modalit\u00e9s de mise \u00e0 disposition des services de\u00a0 Kinky Club (le \u00ab Site \u00bb) et leur utilisation par \u00ab l&#8217;Utilisateur \u00bb. Les conditions g\u00e9n\u00e9rales d&#8217;utilisation doivent \u00eatre accept\u00e9es par tout Utilisateur souhaitant acc\u00e9der au Site. [&hellip;]\" \/>\n<meta property=\"og:url\" content=\"https:\/\/kinkyclub.fr\/index.php\/iump-tos-page\/\" \/>\n<meta property=\"og:site_name\" content=\"Kinky Club : vid\u00e9os de Kinbaku\" \/>\n<meta property=\"article:publisher\" content=\"https:\/\/www.facebook.com\/kinkyclubparis\" \/>\n<meta property=\"article:modified_time\" content=\"2018-10-29T12:13:30+00:00\" \/>\n<meta name=\"twitter:card\" content=\"summary_large_image\" \/>\n<meta name=\"twitter:site\" content=\"@kinkyclub\" \/>\n<meta name=\"twitter:label1\" content=\"Dur\u00e9e de lecture estim\u00e9e\" \/>\n\t<meta name=\"twitter:data1\" content=\"6 minutes\" \/>\n<script type=\"application\/ld+json\" class=\"yoast-schema-graph\">{\"@context\":\"https:\\\/\\\/schema.org\",\"@graph\":[{\"@type\":\"WebPage\",\"@id\":\"https:\\\/\\\/kinkyclub.fr\\\/index.php\\\/iump-tos-page\\\/\",\"url\":\"https:\\\/\\\/kinkyclub.fr\\\/index.php\\\/iump-tos-page\\\/\",\"name\":\"Kinky Club - CGV et CGU - Kinky Club : vid\u00e9os de Kinbaku\",\"isPartOf\":{\"@id\":\"https:\\\/\\\/kinkyclub.fr\\\/#website\"},\"datePublished\":\"2018-10-09T12:43:53+00:00\",\"dateModified\":\"2018-10-29T12:13:30+00:00\",\"breadcrumb\":{\"@id\":\"https:\\\/\\\/kinkyclub.fr\\\/index.php\\\/iump-tos-page\\\/#breadcrumb\"},\"inLanguage\":\"fr-FR\",\"potentialAction\":[{\"@type\":\"ReadAction\",\"target\":[\"https:\\\/\\\/kinkyclub.fr\\\/index.php\\\/iump-tos-page\\\/\"]}]},{\"@type\":\"BreadcrumbList\",\"@id\":\"https:\\\/\\\/kinkyclub.fr\\\/index.php\\\/iump-tos-page\\\/#breadcrumb\",\"itemListElement\":[{\"@type\":\"ListItem\",\"position\":1,\"name\":\"Home\",\"item\":\"https:\\\/\\\/kinkyclub.fr\\\/\"},{\"@type\":\"ListItem\",\"position\":2,\"name\":\"Kinky Club &#8211; CGV et CGU\"}]},{\"@type\":\"WebSite\",\"@id\":\"https:\\\/\\\/kinkyclub.fr\\\/#website\",\"url\":\"https:\\\/\\\/kinkyclub.fr\\\/\",\"name\":\"Kinky Club : vid\u00e9os de Kinbaku\",\"description\":\"Raw Kinbaku. La corde ne ment jamais.\",\"potentialAction\":[{\"@type\":\"SearchAction\",\"target\":{\"@type\":\"EntryPoint\",\"urlTemplate\":\"https:\\\/\\\/kinkyclub.fr\\\/?s={search_term_string}\"},\"query-input\":{\"@type\":\"PropertyValueSpecification\",\"valueRequired\":true,\"valueName\":\"search_term_string\"}}],\"inLanguage\":\"fr-FR\"}]}<\/script>\n<!-- \/ Yoast SEO plugin. -->","yoast_head_json":{"title":"Kinky Club - CGV et CGU - Kinky Club : vid\u00e9os de Kinbaku","robots":{"index":"index","follow":"follow","max-snippet":"max-snippet:-1","max-image-preview":"max-image-preview:large","max-video-preview":"max-video-preview:-1"},"canonical":"https:\/\/kinkyclub.fr\/index.php\/iump-tos-page\/","og_locale":"fr_FR","og_type":"article","og_title":"Kinky Club - CGV et CGU - Kinky Club : vid\u00e9os de Kinbaku","og_description":"Conditions g\u00e9n\u00e9rales de vente ARTICLE 1 :\u00a0Objet Les pr\u00e9sentes \u00ab conditions g\u00e9n\u00e9rales d&#8217;utilisation \u00bb ont pour objet l&#8217;encadrement juridique des modalit\u00e9s de mise \u00e0 disposition des services de\u00a0 Kinky Club (le \u00ab Site \u00bb) et leur utilisation par \u00ab l&#8217;Utilisateur \u00bb. Les conditions g\u00e9n\u00e9rales d&#8217;utilisation doivent \u00eatre accept\u00e9es par tout Utilisateur souhaitant acc\u00e9der au Site. [&hellip;]","og_url":"https:\/\/kinkyclub.fr\/index.php\/iump-tos-page\/","og_site_name":"Kinky Club : vid\u00e9os de Kinbaku","article_publisher":"https:\/\/www.facebook.com\/kinkyclubparis","article_modified_time":"2018-10-29T12:13:30+00:00","twitter_card":"summary_large_image","twitter_site":"@kinkyclub","twitter_misc":{"Dur\u00e9e de lecture estim\u00e9e":"6 minutes"},"schema":{"@context":"https:\/\/schema.org","@graph":[{"@type":"WebPage","@id":"https:\/\/kinkyclub.fr\/index.php\/iump-tos-page\/","url":"https:\/\/kinkyclub.fr\/index.php\/iump-tos-page\/","name":"Kinky Club - CGV et CGU - Kinky Club : vid\u00e9os de Kinbaku","isPartOf":{"@id":"https:\/\/kinkyclub.fr\/#website"},"datePublished":"2018-10-09T12:43:53+00:00","dateModified":"2018-10-29T12:13:30+00:00","breadcrumb":{"@id":"https:\/\/kinkyclub.fr\/index.php\/iump-tos-page\/#breadcrumb"},"inLanguage":"fr-FR","potentialAction":[{"@type":"ReadAction","target":["https:\/\/kinkyclub.fr\/index.php\/iump-tos-page\/"]}]},{"@type":"BreadcrumbList","@id":"https:\/\/kinkyclub.fr\/index.php\/iump-tos-page\/#breadcrumb","itemListElement":[{"@type":"ListItem","position":1,"name":"Home","item":"https:\/\/kinkyclub.fr\/"},{"@type":"ListItem","position":2,"name":"Kinky Club &#8211; CGV et CGU"}]},{"@type":"WebSite","@id":"https:\/\/kinkyclub.fr\/#website","url":"https:\/\/kinkyclub.fr\/","name":"Kinky Club : vid\u00e9os de Kinbaku","description":"Raw Kinbaku. La corde ne ment jamais.","potentialAction":[{"@type":"SearchAction","target":{"@type":"EntryPoint","urlTemplate":"https:\/\/kinkyclub.fr\/?s={search_term_string}"},"query-input":{"@type":"PropertyValueSpecification","valueRequired":true,"valueName":"search_term_string"}}],"inLanguage":"fr-FR"}]}},"_links":{"self":[{"href":"https:\/\/kinkyclub.fr\/index.php\/wp-json\/wp\/v2\/pages\/1188","targetHints":{"allow":["GET"]}}],"collection":[{"href":"https:\/\/kinkyclub.fr\/index.php\/wp-json\/wp\/v2\/pages"}],"about":[{"href":"https:\/\/kinkyclub.fr\/index.php\/wp-json\/wp\/v2\/types\/page"}],"author":[{"embeddable":true,"href":"https:\/\/kinkyclub.fr\/index.php\/wp-json\/wp\/v2\/users\/1"}],"replies":[{"embeddable":true,"href":"https:\/\/kinkyclub.fr\/index.php\/wp-json\/wp\/v2\/comments?post=1188"}],"version-history":[{"count":2,"href":"https:\/\/kinkyclub.fr\/index.php\/wp-json\/wp\/v2\/pages\/1188\/revisions"}],"predecessor-version":[{"id":1243,"href":"https:\/\/kinkyclub.fr\/index.php\/wp-json\/wp\/v2\/pages\/1188\/revisions\/1243"}],"wp:attachment":[{"href":"https:\/\/kinkyclub.fr\/index.php\/wp-json\/wp\/v2\/media?parent=1188"}],"curies":[{"name":"wp","href":"https:\/\/api.w.org\/{rel}","templated":true}]}}