{"id":1681,"date":"2019-01-11T11:13:09","date_gmt":"2019-01-11T10:13:09","guid":{"rendered":"https:\/\/kinkyclub.fr\/?page_id=1681"},"modified":"2019-01-11T11:56:59","modified_gmt":"2019-01-11T10:56:59","slug":"agenda-du-kinky-club-dans-le-sud-de-la-france","status":"publish","type":"page","link":"https:\/\/kinkyclub.fr\/index.php\/agenda-du-kinky-club-dans-le-sud-de-la-france\/","title":{"rendered":"Agenda du Kinky Club dans le sud de la France"},"content":{"rendered":"<div id=\"tdi_1\" class=\"tdc-row\"><div class=\"vc_row tdi_2  wpb_row td-pb-row\" >\n<style scoped>\n\/* custom css - generated by TagDiv Composer *\/\n\n\/* custom css - generated by TagDiv Composer *\/\n.tdi_2,\r\n                .tdi_2 .tdc-columns{\r\n                    min-height: 0;\r\n                }.tdi_2,\r\n\t\t\t\t.tdi_2 .tdc-columns{\r\n\t\t\t\t    display: block;\r\n\t\t\t\t}.tdi_2 .tdc-columns{\r\n\t\t\t\t    width: 100%;\r\n\t\t\t\t}.tdi_2:before,\r\n\t\t\t\t.tdi_2:after{\r\n\t\t\t\t    display: table;\r\n\t\t\t\t}\n<\/style><div class=\"vc_column tdi_4  wpb_column vc_column_container tdc-column td-pb-span12\">\n<style scoped>\n\/* custom css - generated by TagDiv Composer *\/\n\n\/* custom css - generated by TagDiv Composer *\/\n.tdi_4{\r\n                    vertical-align: baseline;\r\n                }.tdi_4 > .wpb_wrapper,\r\n\t\t\t\t.tdi_4 > .wpb_wrapper > .tdc-elements{\r\n\t\t\t\t    display: block;\r\n\t\t\t\t}.tdi_4 > .wpb_wrapper > .tdc-elements{\r\n\t\t\t\t    width: 100%;\r\n\t\t\t\t}.tdi_4 > .wpb_wrapper > .vc_row_inner{\r\n\t\t\t\t    width: auto;\r\n\t\t\t\t}.tdi_4 > .wpb_wrapper{\r\n\t\t\t\t    width: auto;\r\n\t\t\t\t    height: auto;\r\n\t\t\t\t}\n<\/style><div class=\"wpb_wrapper\" ><div class=\"tdm_block td_block_wrap tdm_block_text_image tdi_5 tdm-layout-12-12 tdm-content-horiz-left tdm-content-vert-center td-pb-border-top td_block_template_1\"  data-td-block-uid=\"tdi_5\" >\n<style>\n\/* custom css - generated by TagDiv Composer *\/\n.tdm_block_text_image .tdm-text-wrap{\r\n                  padding-top: 20px;\r\n                  padding-bottom: 20px;\r\n                }.tdm_block_text_image .tdm-descr{\r\n                  margin-bottom: 0;\r\n                }.tdm_block_text_image .tds-button{\r\n                  margin-top: 30px;\r\n                }@media (min-width: 767px) {\r\n                  .tdm_block_text_image.tdm-text-image-extend-img {\r\n                    margin-right: calc((-100vw + 100%) \/ 2);\r\n                  }\r\n                  .tdm_block_text_image.tdm-text-image-extend-img.tdm-flip-yes {\r\n                    margin-right: 0;\r\n                    margin-left: calc((-100vw + 100%) \/ 2);\r\n                  }\r\n                  .tdm_block_text_image.tdm-text-image-extend-img.tdm-flip-yes .tdm-col-img {\r\n                    text-align: right;\r\n                  }\r\n                }@media (max-width: 767px) {\r\n                  .tdm_block_text_image .tdm-col-img {\r\n                    margin-top: 36px;\r\n                  }\r\n                  .tdm_block_text_image.tdm-flip-yes .tdm-col-img {\r\n                    margin-top: 0;\r\n                    margin-bottom: 15px;\r\n                  }\r\n                }\n<\/style><div class=\"td-block-width tdm-fix-full\"><div class=\"td-block-row tdm-row\"><div class=\"td-block-span6 tdm-col\"><div class=\"tdm-text-wrap tdm-text-padding\"><div class=\"tds-title tds-title1 td-fix-index tdi_6 \"><h3 class=\"tdm-title tdm-title-md\">L'agenda du Kinky Club \u00e0 Aix en Pce<\/h3><\/div><p class=\"tdm-descr td-fix-index\">Le Kinky Club organise chaque mois des ateliers, des soir\u00e9es priv\u00e9es et des Munch \u00e0 Aix en Provence. <Br><Br>\n\n Retrouvez ici tous nos \u00e9v\u00e9nements !<\/p><\/div><\/div><div class=\"td-block-span6 tdm-col tdm-col-img\"><img loading=\"lazy\" decoding=\"async\" class=\"tdm-image td-fix-index\" src=\"https:\/\/kinkyclub.fr\/wp-content\/uploads\/2019\/01\/kinkyclub-aix.jpg\"  title=\"kinkyclub aix\" width=\"940\" height=\"788\" alt=\"\"><\/div><\/div><\/div><\/div><\/div><\/div><\/div><\/div><div id=\"tdi_7\" class=\"tdc-row\"><div class=\"vc_row tdi_8  wpb_row td-pb-row\" >\n<style scoped>\n\/* custom css - generated by TagDiv Composer *\/\n\n\/* custom css - generated by TagDiv Composer *\/\n.tdi_8,\r\n                .tdi_8 .tdc-columns{\r\n                    min-height: 0;\r\n                }.tdi_8,\r\n\t\t\t\t.tdi_8 .tdc-columns{\r\n\t\t\t\t    display: block;\r\n\t\t\t\t}.tdi_8 .tdc-columns{\r\n\t\t\t\t    width: 100%;\r\n\t\t\t\t}.tdi_8:before,\r\n\t\t\t\t.tdi_8:after{\r\n\t\t\t\t    display: table;\r\n\t\t\t\t}\n<\/style><div class=\"vc_column tdi_10  wpb_column vc_column_container tdc-column td-pb-span12\">\n<style scoped>\n\/* custom css - generated by TagDiv Composer *\/\n\n\/* custom css - generated by TagDiv Composer *\/\n.tdi_10{\r\n                    vertical-align: baseline;\r\n                }.tdi_10 > .wpb_wrapper,\r\n\t\t\t\t.tdi_10 > .wpb_wrapper > .tdc-elements{\r\n\t\t\t\t    display: block;\r\n\t\t\t\t}.tdi_10 > .wpb_wrapper > .tdc-elements{\r\n\t\t\t\t    width: 100%;\r\n\t\t\t\t}.tdi_10 > .wpb_wrapper > .vc_row_inner{\r\n\t\t\t\t    width: auto;\r\n\t\t\t\t}.tdi_10 > .wpb_wrapper{\r\n\t\t\t\t    width: auto;\r\n\t\t\t\t    height: auto;\r\n\t\t\t\t}\n<\/style><div class=\"wpb_wrapper\" ><div class=\"td_block_wrap td_block_12 tdi_11 td-pb-border-top td_block_template_1 td-column-3\"  data-td-block-uid=\"tdi_11\" ><script>var block_tdi_11 = new tdBlock();\nblock_tdi_11.id = \"tdi_11\";\nblock_tdi_11.atts = '{\"category_id\":\"24\",\"block_type\":\"td_block_12\",\"separator\":\"\",\"custom_title\":\"\",\"custom_url\":\"\",\"block_template_id\":\"\",\"m11_tl\":\"\",\"m11_el\":\"\",\"post_ids\":\"\",\"taxonomies\":\"\",\"category_ids\":\"\",\"in_all_terms\":\"\",\"tag_slug\":\"\",\"autors_id\":\"\",\"installed_post_types\":\"\",\"include_cf_posts\":\"\",\"exclude_cf_posts\":\"\",\"sort\":\"\",\"popular_by_date\":\"\",\"linked_posts\":\"\",\"favourite_only\":\"\",\"limit\":\"5\",\"offset\":\"\",\"open_in_new_window\":\"\",\"show_modified_date\":\"\",\"time_ago\":\"\",\"time_ago_add_txt\":\"ago\",\"time_ago_txt_pos\":\"\",\"review_source\":\"\",\"el_class\":\"\",\"td_ajax_filter_type\":\"\",\"td_ajax_filter_ids\":\"\",\"td_filter_default_txt\":\"All\",\"td_ajax_preloading\":\"\",\"f_header_font_header\":\"\",\"f_header_font_title\":\"Block header\",\"f_header_font_settings\":\"\",\"f_header_font_family\":\"\",\"f_header_font_size\":\"\",\"f_header_font_line_height\":\"\",\"f_header_font_style\":\"\",\"f_header_font_weight\":\"\",\"f_header_font_transform\":\"\",\"f_header_font_spacing\":\"\",\"f_header_\":\"\",\"f_ajax_font_title\":\"Ajax categories\",\"f_ajax_font_settings\":\"\",\"f_ajax_font_family\":\"\",\"f_ajax_font_size\":\"\",\"f_ajax_font_line_height\":\"\",\"f_ajax_font_style\":\"\",\"f_ajax_font_weight\":\"\",\"f_ajax_font_transform\":\"\",\"f_ajax_font_spacing\":\"\",\"f_ajax_\":\"\",\"f_more_font_title\":\"Load more button\",\"f_more_font_settings\":\"\",\"f_more_font_family\":\"\",\"f_more_font_size\":\"\",\"f_more_font_line_height\":\"\",\"f_more_font_style\":\"\",\"f_more_font_weight\":\"\",\"f_more_font_transform\":\"\",\"f_more_font_spacing\":\"\",\"f_more_\":\"\",\"m11f_title_font_header\":\"\",\"m11f_title_font_title\":\"Article title\",\"m11f_title_font_settings\":\"\",\"m11f_title_font_family\":\"\",\"m11f_title_font_size\":\"\",\"m11f_title_font_line_height\":\"\",\"m11f_title_font_style\":\"\",\"m11f_title_font_weight\":\"\",\"m11f_title_font_transform\":\"\",\"m11f_title_font_spacing\":\"\",\"m11f_title_\":\"\",\"m11f_cat_font_title\":\"Article category tag\",\"m11f_cat_font_settings\":\"\",\"m11f_cat_font_family\":\"\",\"m11f_cat_font_size\":\"\",\"m11f_cat_font_line_height\":\"\",\"m11f_cat_font_style\":\"\",\"m11f_cat_font_weight\":\"\",\"m11f_cat_font_transform\":\"\",\"m11f_cat_font_spacing\":\"\",\"m11f_cat_\":\"\",\"m11f_meta_font_title\":\"Article meta info\",\"m11f_meta_font_settings\":\"\",\"m11f_meta_font_family\":\"\",\"m11f_meta_font_size\":\"\",\"m11f_meta_font_line_height\":\"\",\"m11f_meta_font_style\":\"\",\"m11f_meta_font_weight\":\"\",\"m11f_meta_font_transform\":\"\",\"m11f_meta_font_spacing\":\"\",\"m11f_meta_\":\"\",\"m11f_ex_font_title\":\"Article excerpt\",\"m11f_ex_font_settings\":\"\",\"m11f_ex_font_family\":\"\",\"m11f_ex_font_size\":\"\",\"m11f_ex_font_line_height\":\"\",\"m11f_ex_font_style\":\"\",\"m11f_ex_font_weight\":\"\",\"m11f_ex_font_transform\":\"\",\"m11f_ex_font_spacing\":\"\",\"m11f_ex_\":\"\",\"m11f_btn_font_title\":\"Article read more button\",\"m11f_btn_font_settings\":\"\",\"m11f_btn_font_family\":\"\",\"m11f_btn_font_size\":\"\",\"m11f_btn_font_line_height\":\"\",\"m11f_btn_font_style\":\"\",\"m11f_btn_font_weight\":\"\",\"m11f_btn_font_transform\":\"\",\"m11f_btn_font_spacing\":\"\",\"m11f_btn_\":\"\",\"ajax_pagination\":\"\",\"ajax_pagination_next_prev_swipe\":\"\",\"ajax_pagination_infinite_stop\":\"\",\"css\":\"\",\"tdc_css\":\"\",\"td_column_number\":3,\"header_color\":\"\",\"color_preset\":\"\",\"border_top\":\"\",\"class\":\"tdi_11\",\"tdc_css_class\":\"tdi_11\",\"tdc_css_class_style\":\"tdi_11_rand_style\"}';\nblock_tdi_11.td_column_number = \"3\";\nblock_tdi_11.block_type = \"td_block_12\";\nblock_tdi_11.post_count = \"5\";\nblock_tdi_11.found_posts = \"368\";\nblock_tdi_11.header_color = \"\";\nblock_tdi_11.ajax_pagination_infinite_stop = \"\";\nblock_tdi_11.max_num_pages = \"74\";\ntdBlocksArray.push(block_tdi_11);\n<\/script><div class=\"td-block-title-wrap\"><\/div><div id=tdi_11 class=\"td_block_inner\">\n\n\t<div class=\"td-block-span12\">\n\r\n        <div class=\"td_module_11 td_module_wrap td-animation-stack\">\r\n            <div class=\"td-module-thumb\"><a href=\"https:\/\/kinkyclub.fr\/index.php\/2025\/03\/31\/kwaak-schoolgirl-hashira-play\/\"  rel=\"bookmark\" class=\"td-image-wrap \" title=\"Kwaak Schoolgirl Hashira play\" ><img loading=\"lazy\" decoding=\"async\" width=\"324\" height=\"235\" class=\"entry-thumb\" src=\"https:\/\/kinkyclub.fr\/wp-content\/uploads\/2025\/03\/DVP_7245-324x235.jpg\"   alt=\"\" title=\"Kwaak Schoolgirl Hashira play\" \/><\/a><\/div>\r\n            <div class=\"item-details\">\r\n                <h3 class=\"entry-title td-module-title\"><a href=\"https:\/\/kinkyclub.fr\/index.php\/2025\/03\/31\/kwaak-schoolgirl-hashira-play\/\"  rel=\"bookmark\" title=\"Kwaak Schoolgirl Hashira play\">Kwaak Schoolgirl Hashira play<\/a><\/h3>\r\n                <div class=\"td-module-meta-info\">\r\n                                                            <span class=\"td-post-date\"><time class=\"entry-date updated td-module-date\" datetime=\"2025-03-31T08:00:33+02:00\" >31 mars 2025<\/time><\/span>                                    <\/div>\r\n\r\n                <div class=\"td-excerpt\">\r\n                    Une vid\u00e9o exceptionnel \u00e0 4 mains ou Kwwak en School Girl sera expos\u00e9e, battue et forc\u00e9e \u00e0 jouir entre les mains d&#039;Alex DirtyVonp et...                <\/div>\r\n\r\n                <div class=\"td-read-more\">\r\n                    <a href=\"https:\/\/kinkyclub.fr\/index.php\/2025\/03\/31\/kwaak-schoolgirl-hashira-play\/\">Lire la suite<\/a>\r\n                <\/div>\r\n            <\/div>\r\n\r\n        <\/div>\r\n\r\n        \n\t<\/div> <!-- .\/td-block-span12 -->\n\n\t<div class=\"td-block-span12\">\n\r\n        <div class=\"td_module_11 td_module_wrap td-animation-stack\">\r\n            <div class=\"td-module-thumb\"><a href=\"https:\/\/kinkyclub.fr\/index.php\/2025\/03\/24\/lil-devil-futomomo-exposition-shibari-et-suspension-shibari\/\"  rel=\"bookmark\" class=\"td-image-wrap \" title=\"Lil Devil futomomo exposition shibari et suspension Shibari\" ><img loading=\"lazy\" decoding=\"async\" width=\"324\" height=\"235\" class=\"entry-thumb\" src=\"https:\/\/kinkyclub.fr\/wp-content\/uploads\/2025\/03\/DVP_8697-324x235.jpg\"   alt=\"\" title=\"Lil Devil futomomo exposition shibari et suspension Shibari\" \/><\/a><\/div>\r\n            <div class=\"item-details\">\r\n                <h3 class=\"entry-title td-module-title\"><a href=\"https:\/\/kinkyclub.fr\/index.php\/2025\/03\/24\/lil-devil-futomomo-exposition-shibari-et-suspension-shibari\/\"  rel=\"bookmark\" title=\"Lil Devil futomomo exposition shibari et suspension Shibari\">Lil Devil futomomo exposition shibari et suspension Shibari<\/a><\/h3>\r\n                <div class=\"td-module-meta-info\">\r\n                                                            <span class=\"td-post-date\"><time class=\"entry-date updated td-module-date\" datetime=\"2025-03-24T08:00:51+01:00\" >24 mars 2025<\/time><\/span>                                    <\/div>\r\n\r\n                <div class=\"td-excerpt\">\r\n                    &nbsp;\r\n\r\n\r\nSuspension Futomomo et Exposition Shibari : L&#039;Art du L\u00e2cher-Prise\r\n\r\nQu&#039;est-ce que la Suspension Futomomo ?\r\nLa suspension futomomo est une technique de bondage issue du shibari,...                <\/div>\r\n\r\n                <div class=\"td-read-more\">\r\n                    <a href=\"https:\/\/kinkyclub.fr\/index.php\/2025\/03\/24\/lil-devil-futomomo-exposition-shibari-et-suspension-shibari\/\">Lire la suite<\/a>\r\n                <\/div>\r\n            <\/div>\r\n\r\n        <\/div>\r\n\r\n        \n\t<\/div> <!-- .\/td-block-span12 -->\n\n\t<div class=\"td-block-span12\">\n\r\n        <div class=\"td_module_11 td_module_wrap td-animation-stack\">\r\n            <div class=\"td-module-thumb\"><a href=\"https:\/\/kinkyclub.fr\/index.php\/2025\/03\/17\/lula-hashira-shibari-et-shibari-sm-avec-jouissance-intense\/\"  rel=\"bookmark\" class=\"td-image-wrap \" title=\"Lula Hashira Shibari et Shibari SM avec Jouissance Intense\" ><img loading=\"lazy\" decoding=\"async\" width=\"324\" height=\"235\" class=\"entry-thumb\" src=\"https:\/\/kinkyclub.fr\/wp-content\/uploads\/2025\/03\/DVP_1001-324x235.jpg\"   alt=\"\" title=\"Lula Hashira Shibari et Shibari SM avec Jouissance Intense\" \/><\/a><\/div>\r\n            <div class=\"item-details\">\r\n                <h3 class=\"entry-title td-module-title\"><a href=\"https:\/\/kinkyclub.fr\/index.php\/2025\/03\/17\/lula-hashira-shibari-et-shibari-sm-avec-jouissance-intense\/\"  rel=\"bookmark\" title=\"Lula Hashira Shibari et Shibari SM avec Jouissance Intense\">Lula Hashira Shibari et Shibari SM avec Jouissance Intense<\/a><\/h3>\r\n                <div class=\"td-module-meta-info\">\r\n                                                            <span class=\"td-post-date\"><time class=\"entry-date updated td-module-date\" datetime=\"2025-03-17T08:00:26+01:00\" >17 mars 2025<\/time><\/span>                                    <\/div>\r\n\r\n                <div class=\"td-excerpt\">\r\n                    \r\n        Lula Hashira Shibari et Shibari SM avec Jouissance Intense\r\n    \r\n\r\n   ...                <\/div>\r\n\r\n                <div class=\"td-read-more\">\r\n                    <a href=\"https:\/\/kinkyclub.fr\/index.php\/2025\/03\/17\/lula-hashira-shibari-et-shibari-sm-avec-jouissance-intense\/\">Lire la suite<\/a>\r\n                <\/div>\r\n            <\/div>\r\n\r\n        <\/div>\r\n\r\n        \n\t<\/div> <!-- .\/td-block-span12 -->\n\n\t<div class=\"td-block-span12\">\n\r\n        <div class=\"td_module_11 td_module_wrap td-animation-stack\">\r\n            <div class=\"td-module-thumb\"><a href=\"https:\/\/kinkyclub.fr\/index.php\/2025\/03\/10\/lula-strappado-shibari-exposition-et-orgasme-intense\/\"  rel=\"bookmark\" class=\"td-image-wrap \" title=\"Lula Strappado Shibari : Exposition et Orgasme Intense\" ><img loading=\"lazy\" decoding=\"async\" width=\"324\" height=\"235\" class=\"entry-thumb\" src=\"https:\/\/kinkyclub.fr\/wp-content\/uploads\/2025\/03\/DVP_9020-324x235.jpg\"   alt=\"\" title=\"Lula Strappado Shibari : Exposition et Orgasme Intense\" \/><\/a><\/div>\r\n            <div class=\"item-details\">\r\n                <h3 class=\"entry-title td-module-title\"><a href=\"https:\/\/kinkyclub.fr\/index.php\/2025\/03\/10\/lula-strappado-shibari-exposition-et-orgasme-intense\/\"  rel=\"bookmark\" title=\"Lula Strappado Shibari : Exposition et Orgasme Intense\">Lula Strappado Shibari : Exposition et Orgasme Intense<\/a><\/h3>\r\n                <div class=\"td-module-meta-info\">\r\n                                                            <span class=\"td-post-date\"><time class=\"entry-date updated td-module-date\" datetime=\"2025-03-10T08:00:25+01:00\" >10 mars 2025<\/time><\/span>                                    <\/div>\r\n\r\n                <div class=\"td-excerpt\">\r\n                    &nbsp;\r\n\r\n\r\nLula Strappado Shibari : Exposition et Orgasme Intense\r\n\r\nIntroduction au Shibari \u00c9rotique\r\nLe shibari \u00e9rotique est un art ancestral japonais qui allie contrainte, esth\u00e9tique et plaisir...                <\/div>\r\n\r\n                <div class=\"td-read-more\">\r\n                    <a href=\"https:\/\/kinkyclub.fr\/index.php\/2025\/03\/10\/lula-strappado-shibari-exposition-et-orgasme-intense\/\">Lire la suite<\/a>\r\n                <\/div>\r\n            <\/div>\r\n\r\n        <\/div>\r\n\r\n        \n\t<\/div> <!-- .\/td-block-span12 -->\n\n\t<div class=\"td-block-span12\">\n\r\n        <div class=\"td_module_11 td_module_wrap td-animation-stack\">\r\n            <div class=\"td-module-thumb\"><a href=\"https:\/\/kinkyclub.fr\/index.php\/2025\/03\/04\/pixie-roze-suspension-futomomo-et-lourde-seance-dimpact\/\"  rel=\"bookmark\" class=\"td-image-wrap \" title=\"Pixie Roze suspension futomomo et lourde s\u00e9ance d&#8217;impact\" ><img loading=\"lazy\" decoding=\"async\" width=\"324\" height=\"235\" class=\"entry-thumb\" src=\"https:\/\/kinkyclub.fr\/wp-content\/uploads\/2025\/03\/DVP_1032-324x235.jpg\"   alt=\"\" title=\"Pixie Roze suspension futomomo et lourde s\u00e9ance d&#8217;impact\" \/><\/a><\/div>\r\n            <div class=\"item-details\">\r\n                <h3 class=\"entry-title td-module-title\"><a href=\"https:\/\/kinkyclub.fr\/index.php\/2025\/03\/04\/pixie-roze-suspension-futomomo-et-lourde-seance-dimpact\/\"  rel=\"bookmark\" title=\"Pixie Roze suspension futomomo et lourde s\u00e9ance d&#8217;impact\">Pixie Roze suspension futomomo et lourde s\u00e9ance d&#8217;impact<\/a><\/h3>\r\n                <div class=\"td-module-meta-info\">\r\n                                                            <span class=\"td-post-date\"><time class=\"entry-date updated td-module-date\" datetime=\"2025-03-04T10:22:08+01:00\" >4 mars 2025<\/time><\/span>                                    <\/div>\r\n\r\n                <div class=\"td-excerpt\">\r\n                    La galerie de la session :\r\nDans l\u2019univers du bondage artistique, certains instants captivent particuli\u00e8rement, m\u00ealant vuln\u00e9rabilit\u00e9, douleur et extase. Aujourd\u2019hui, nous plongeons dans l\u2019exp\u00e9rience...                <\/div>\r\n\r\n                <div class=\"td-read-more\">\r\n                    <a href=\"https:\/\/kinkyclub.fr\/index.php\/2025\/03\/04\/pixie-roze-suspension-futomomo-et-lourde-seance-dimpact\/\">Lire la suite<\/a>\r\n                <\/div>\r\n            <\/div>\r\n\r\n        <\/div>\r\n\r\n        \n\t<\/div> <!-- .\/td-block-span12 --><\/div><\/div> <!-- .\/block --><\/div><\/div><\/div><\/div>","protected":false},"excerpt":{"rendered":"","protected":false},"author":1,"featured_media":0,"parent":0,"menu_order":0,"comment_status":"closed","ping_status":"closed","template":"","meta":{"footnotes":""},"class_list":["post-1681","page","type-page","status-publish"],"yoast_head":"<!-- This site is optimized with the Yoast SEO plugin v27.3 - https:\/\/yoast.com\/product\/yoast-seo-wordpress\/ -->\n<title>Agenda du Kinky Club dans le sud de la France - Kinky Club : vid\u00e9os de Kinbaku<\/title>\n<meta name=\"robots\" content=\"index, follow, max-snippet:-1, max-image-preview:large, max-video-preview:-1\" \/>\n<link rel=\"canonical\" href=\"https:\/\/kinkyclub.fr\/index.php\/agenda-du-kinky-club-dans-le-sud-de-la-france\/\" \/>\n<meta property=\"og:locale\" content=\"fr_FR\" \/>\n<meta property=\"og:type\" content=\"article\" \/>\n<meta property=\"og:title\" content=\"Agenda du Kinky Club dans le sud de la France - Kinky Club : vid\u00e9os de Kinbaku\" \/>\n<meta property=\"og:url\" content=\"https:\/\/kinkyclub.fr\/index.php\/agenda-du-kinky-club-dans-le-sud-de-la-france\/\" \/>\n<meta property=\"og:site_name\" content=\"Kinky Club : vid\u00e9os de Kinbaku\" \/>\n<meta property=\"article:publisher\" content=\"https:\/\/www.facebook.com\/kinkyclubparis\" \/>\n<meta property=\"article:modified_time\" content=\"2019-01-11T10:56:59+00:00\" \/>\n<meta name=\"twitter:card\" content=\"summary_large_image\" \/>\n<meta name=\"twitter:site\" content=\"@kinkyclub\" \/>\n<script type=\"application\/ld+json\" class=\"yoast-schema-graph\">{\"@context\":\"https:\\\/\\\/schema.org\",\"@graph\":[{\"@type\":\"WebPage\",\"@id\":\"https:\\\/\\\/kinkyclub.fr\\\/index.php\\\/agenda-du-kinky-club-dans-le-sud-de-la-france\\\/\",\"url\":\"https:\\\/\\\/kinkyclub.fr\\\/index.php\\\/agenda-du-kinky-club-dans-le-sud-de-la-france\\\/\",\"name\":\"Agenda du Kinky Club dans le sud de la France - Kinky Club : vid\u00e9os de Kinbaku\",\"isPartOf\":{\"@id\":\"https:\\\/\\\/kinkyclub.fr\\\/#website\"},\"datePublished\":\"2019-01-11T10:13:09+00:00\",\"dateModified\":\"2019-01-11T10:56:59+00:00\",\"breadcrumb\":{\"@id\":\"https:\\\/\\\/kinkyclub.fr\\\/index.php\\\/agenda-du-kinky-club-dans-le-sud-de-la-france\\\/#breadcrumb\"},\"inLanguage\":\"fr-FR\",\"potentialAction\":[{\"@type\":\"ReadAction\",\"target\":[\"https:\\\/\\\/kinkyclub.fr\\\/index.php\\\/agenda-du-kinky-club-dans-le-sud-de-la-france\\\/\"]}]},{\"@type\":\"BreadcrumbList\",\"@id\":\"https:\\\/\\\/kinkyclub.fr\\\/index.php\\\/agenda-du-kinky-club-dans-le-sud-de-la-france\\\/#breadcrumb\",\"itemListElement\":[{\"@type\":\"ListItem\",\"position\":1,\"name\":\"Home\",\"item\":\"https:\\\/\\\/kinkyclub.fr\\\/\"},{\"@type\":\"ListItem\",\"position\":2,\"name\":\"Agenda du Kinky Club dans le sud de la France\"}]},{\"@type\":\"WebSite\",\"@id\":\"https:\\\/\\\/kinkyclub.fr\\\/#website\",\"url\":\"https:\\\/\\\/kinkyclub.fr\\\/\",\"name\":\"Kinky Club : vid\u00e9os de Kinbaku\",\"description\":\"Raw Kinbaku. La corde ne ment jamais.\",\"potentialAction\":[{\"@type\":\"SearchAction\",\"target\":{\"@type\":\"EntryPoint\",\"urlTemplate\":\"https:\\\/\\\/kinkyclub.fr\\\/?s={search_term_string}\"},\"query-input\":{\"@type\":\"PropertyValueSpecification\",\"valueRequired\":true,\"valueName\":\"search_term_string\"}}],\"inLanguage\":\"fr-FR\"}]}<\/script>\n<!-- \/ Yoast SEO plugin. -->","yoast_head_json":{"title":"Agenda du Kinky Club dans le sud de la France - Kinky Club : vid\u00e9os de Kinbaku","robots":{"index":"index","follow":"follow","max-snippet":"max-snippet:-1","max-image-preview":"max-image-preview:large","max-video-preview":"max-video-preview:-1"},"canonical":"https:\/\/kinkyclub.fr\/index.php\/agenda-du-kinky-club-dans-le-sud-de-la-france\/","og_locale":"fr_FR","og_type":"article","og_title":"Agenda du Kinky Club dans le sud de la France - Kinky Club : vid\u00e9os de Kinbaku","og_url":"https:\/\/kinkyclub.fr\/index.php\/agenda-du-kinky-club-dans-le-sud-de-la-france\/","og_site_name":"Kinky Club : vid\u00e9os de Kinbaku","article_publisher":"https:\/\/www.facebook.com\/kinkyclubparis","article_modified_time":"2019-01-11T10:56:59+00:00","twitter_card":"summary_large_image","twitter_site":"@kinkyclub","schema":{"@context":"https:\/\/schema.org","@graph":[{"@type":"WebPage","@id":"https:\/\/kinkyclub.fr\/index.php\/agenda-du-kinky-club-dans-le-sud-de-la-france\/","url":"https:\/\/kinkyclub.fr\/index.php\/agenda-du-kinky-club-dans-le-sud-de-la-france\/","name":"Agenda du Kinky Club dans le sud de la France - Kinky Club : vid\u00e9os de Kinbaku","isPartOf":{"@id":"https:\/\/kinkyclub.fr\/#website"},"datePublished":"2019-01-11T10:13:09+00:00","dateModified":"2019-01-11T10:56:59+00:00","breadcrumb":{"@id":"https:\/\/kinkyclub.fr\/index.php\/agenda-du-kinky-club-dans-le-sud-de-la-france\/#breadcrumb"},"inLanguage":"fr-FR","potentialAction":[{"@type":"ReadAction","target":["https:\/\/kinkyclub.fr\/index.php\/agenda-du-kinky-club-dans-le-sud-de-la-france\/"]}]},{"@type":"BreadcrumbList","@id":"https:\/\/kinkyclub.fr\/index.php\/agenda-du-kinky-club-dans-le-sud-de-la-france\/#breadcrumb","itemListElement":[{"@type":"ListItem","position":1,"name":"Home","item":"https:\/\/kinkyclub.fr\/"},{"@type":"ListItem","position":2,"name":"Agenda du Kinky Club dans le sud de la France"}]},{"@type":"WebSite","@id":"https:\/\/kinkyclub.fr\/#website","url":"https:\/\/kinkyclub.fr\/","name":"Kinky Club : vid\u00e9os de Kinbaku","description":"Raw Kinbaku. La corde ne ment jamais.","potentialAction":[{"@type":"SearchAction","target":{"@type":"EntryPoint","urlTemplate":"https:\/\/kinkyclub.fr\/?s={search_term_string}"},"query-input":{"@type":"PropertyValueSpecification","valueRequired":true,"valueName":"search_term_string"}}],"inLanguage":"fr-FR"}]}},"_links":{"self":[{"href":"https:\/\/kinkyclub.fr\/index.php\/wp-json\/wp\/v2\/pages\/1681","targetHints":{"allow":["GET"]}}],"collection":[{"href":"https:\/\/kinkyclub.fr\/index.php\/wp-json\/wp\/v2\/pages"}],"about":[{"href":"https:\/\/kinkyclub.fr\/index.php\/wp-json\/wp\/v2\/types\/page"}],"author":[{"embeddable":true,"href":"https:\/\/kinkyclub.fr\/index.php\/wp-json\/wp\/v2\/users\/1"}],"replies":[{"embeddable":true,"href":"https:\/\/kinkyclub.fr\/index.php\/wp-json\/wp\/v2\/comments?post=1681"}],"version-history":[{"count":6,"href":"https:\/\/kinkyclub.fr\/index.php\/wp-json\/wp\/v2\/pages\/1681\/revisions"}],"predecessor-version":[{"id":1695,"href":"https:\/\/kinkyclub.fr\/index.php\/wp-json\/wp\/v2\/pages\/1681\/revisions\/1695"}],"wp:attachment":[{"href":"https:\/\/kinkyclub.fr\/index.php\/wp-json\/wp\/v2\/media?parent=1681"}],"curies":[{"name":"wp","href":"https:\/\/api.w.org\/{rel}","templated":true}]}}