{"id":2,"date":"2017-04-06T12:02:35","date_gmt":"2017-04-06T10:02:35","guid":{"rendered":"http:\/\/kinkyclub.fr\/?page_id=2"},"modified":"2020-02-17T08:58:03","modified_gmt":"2020-02-17T07:58:03","slug":"les-gouters-du-kinky-club","status":"publish","type":"page","link":"https:\/\/kinkyclub.fr\/index.php\/les-gouters-du-kinky-club\/","title":{"rendered":"Les Go\u00fbters du Kinky Club"},"content":{"rendered":"<p style=\"text-align: center;\"><strong>Nous sommes au regret de vous informer qu&#8217;\u00e0 compter du 24\/01\/20 inclus, le KinkyClub n&#8217;assure plus l\u2019organisation des Go\u00fbters chez Cris&amp;Chuchotements.<\/strong><\/p>\n<p>La Direction du Club souhaite une nouvelle activit\u00e9 que les Go\u00fbters du KinkyClub. <em style=\"text-align: center;\">Si un autre &#8220;Go\u00fbter&#8221; se tient le m\u00eame jour dans cet \u00e9tablissement, nous n&#8217;en garantissons ni l&#8217;ambiance, ni les tarifs ni l&#8217;organisation.\u00a0<\/em><\/p>\n<p>Cette nouvelle \u00e9tant un peu &#8220;brutale&#8221;, nous n&#8217;avons pas eu le loisir d&#8217;organiser un Go\u00fbter d&#8217;Adieu aussi nous vous remercions ici pour votre confiance, votre fid\u00e9lit\u00e9 et votre esprit kinky qui nous a accompagn\u00e9 durant presque 3 ans ! Ce fut un r\u00e9el plaisir de partager votre passion, vos mises en sc\u00e8ne et vous recevoir chaque vendredi.<\/p>\n<p>Ce n&#8217;est pas qu&#8217;une &#8220;activit\u00e9&#8221; qui prend fin mais bien un pan de vie sociale, kinky ..<br \/>\nDes relations nou\u00e9es avec les &#8220;habitu\u00e9s&#8221; et les &#8220;nouveaux&#8221;, des rencontres r\u00e9guli\u00e8res ou ponctuelles mais toutes teint\u00e9es de confiance, de complicit\u00e9 et de sinc\u00e9rit\u00e9 dans le partage de nos passions. Vos confidences, vos secrets d&#8217;alc\u00f4ve nous manqueront assur\u00e9ment !<\/p>\n<p>Au del\u00e0 de la belle ambiance du Club, nous avions pris le temps de vous proposer un espace comme nous les aimons, ouvert, bienveillant, accessible&#8230;\u00a0 C&#8217;est pour cela que nous ne nous pr\u00e9cipiterons pas pour &#8220;la suite&#8221;, pour ne pas b\u00e2cler et &#8220;faire pour faire&#8221;.<\/p>\n<p style=\"text-align: center;\">Pour autant, le KinkyClub continue ses autres activit\u00e9s pratiques (ateliers et <a href=\"https:\/\/www.ecoledescordes.com\/\">cours de shibari<\/a> et <a href=\"https:\/\/calamitysteph.com\/index.php\/decouvrir-le-bdsm\/\">BDSM<\/a>, <a href=\"https:\/\/mademoisellecalamity.com\/wp-login.php?redirect_to=https%3A%2F%2Fmademoisellecalamity.com%2Fwp-admin%2F&amp;reauth=1\">s\u00e9ances de domination priv\u00e9e<\/a>) ou artistiques (\u00e9crits, photos et vid\u00e9os)<\/p>\n<p style=\"text-align: center;\"><em>La NL vous permettra d&#8217;\u00eatre inform\u00e9 des projets \u00e0 venir pour 2020 car il y en aura !<br \/>\nVos suggestions continuent d&#8217;\u00eatre les bienvenues<\/em><\/p>\n","protected":false},"excerpt":{"rendered":"<p>Nous sommes au regret de vous informer qu&#8217;\u00e0 compter du 24\/01\/20 inclus, le KinkyClub n&#8217;assure plus l\u2019organisation des Go\u00fbters chez Cris&amp;Chuchotements. La Direction du Club souhaite une nouvelle activit\u00e9 que les Go\u00fbters du KinkyClub. Si un autre &#8220;Go\u00fbter&#8221; se tient le m\u00eame jour dans cet \u00e9tablissement, nous n&#8217;en garantissons ni l&#8217;ambiance, ni les tarifs ni [&hellip;]<\/p>\n","protected":false},"author":1,"featured_media":0,"parent":0,"menu_order":0,"comment_status":"closed","ping_status":"open","template":"","meta":{"footnotes":""},"class_list":["post-2","page","type-page","status-publish"],"yoast_head":"<!-- This site is optimized with the Yoast SEO plugin v27.3 - https:\/\/yoast.com\/product\/yoast-seo-wordpress\/ -->\n<title>Les Go\u00fbters du Kinky Club - Kinky Club : vid\u00e9os de Kinbaku<\/title>\n<meta name=\"robots\" content=\"index, follow, max-snippet:-1, max-image-preview:large, max-video-preview:-1\" \/>\n<link rel=\"canonical\" href=\"https:\/\/kinkyclub.fr\/index.php\/les-gouters-du-kinky-club\/\" \/>\n<meta property=\"og:locale\" content=\"fr_FR\" \/>\n<meta property=\"og:type\" content=\"article\" \/>\n<meta property=\"og:title\" content=\"Les Go\u00fbters du Kinky Club - Kinky Club : vid\u00e9os de Kinbaku\" \/>\n<meta property=\"og:description\" content=\"Nous sommes au regret de vous informer qu&#8217;\u00e0 compter du 24\/01\/20 inclus, le KinkyClub n&#8217;assure plus l\u2019organisation des Go\u00fbters chez Cris&amp;Chuchotements. La Direction du Club souhaite une nouvelle activit\u00e9 que les Go\u00fbters du KinkyClub. Si un autre &#8220;Go\u00fbter&#8221; se tient le m\u00eame jour dans cet \u00e9tablissement, nous n&#8217;en garantissons ni l&#8217;ambiance, ni les tarifs ni [&hellip;]\" \/>\n<meta property=\"og:url\" content=\"https:\/\/kinkyclub.fr\/index.php\/les-gouters-du-kinky-club\/\" \/>\n<meta property=\"og:site_name\" content=\"Kinky Club : vid\u00e9os de Kinbaku\" \/>\n<meta property=\"article:publisher\" content=\"https:\/\/www.facebook.com\/kinkyclubparis\" \/>\n<meta property=\"article:modified_time\" content=\"2020-02-17T07:58:03+00:00\" \/>\n<meta name=\"twitter:card\" content=\"summary_large_image\" \/>\n<meta name=\"twitter:site\" content=\"@kinkyclub\" \/>\n<meta name=\"twitter:label1\" content=\"Dur\u00e9e de lecture estim\u00e9e\" \/>\n\t<meta name=\"twitter:data1\" content=\"1 minute\" \/>\n<script type=\"application\/ld+json\" class=\"yoast-schema-graph\">{\"@context\":\"https:\\\/\\\/schema.org\",\"@graph\":[{\"@type\":\"WebPage\",\"@id\":\"https:\\\/\\\/kinkyclub.fr\\\/index.php\\\/les-gouters-du-kinky-club\\\/\",\"url\":\"https:\\\/\\\/kinkyclub.fr\\\/index.php\\\/les-gouters-du-kinky-club\\\/\",\"name\":\"Les Go\u00fbters du Kinky Club - Kinky Club : vid\u00e9os de Kinbaku\",\"isPartOf\":{\"@id\":\"https:\\\/\\\/kinkyclub.fr\\\/#website\"},\"datePublished\":\"2017-04-06T10:02:35+00:00\",\"dateModified\":\"2020-02-17T07:58:03+00:00\",\"breadcrumb\":{\"@id\":\"https:\\\/\\\/kinkyclub.fr\\\/index.php\\\/les-gouters-du-kinky-club\\\/#breadcrumb\"},\"inLanguage\":\"fr-FR\",\"potentialAction\":[{\"@type\":\"ReadAction\",\"target\":[\"https:\\\/\\\/kinkyclub.fr\\\/index.php\\\/les-gouters-du-kinky-club\\\/\"]}]},{\"@type\":\"BreadcrumbList\",\"@id\":\"https:\\\/\\\/kinkyclub.fr\\\/index.php\\\/les-gouters-du-kinky-club\\\/#breadcrumb\",\"itemListElement\":[{\"@type\":\"ListItem\",\"position\":1,\"name\":\"Home\",\"item\":\"https:\\\/\\\/kinkyclub.fr\\\/\"},{\"@type\":\"ListItem\",\"position\":2,\"name\":\"Les Go\u00fbters du Kinky Club\"}]},{\"@type\":\"WebSite\",\"@id\":\"https:\\\/\\\/kinkyclub.fr\\\/#website\",\"url\":\"https:\\\/\\\/kinkyclub.fr\\\/\",\"name\":\"Kinky Club : vid\u00e9os de Kinbaku\",\"description\":\"Raw Kinbaku. La corde ne ment jamais.\",\"potentialAction\":[{\"@type\":\"SearchAction\",\"target\":{\"@type\":\"EntryPoint\",\"urlTemplate\":\"https:\\\/\\\/kinkyclub.fr\\\/?s={search_term_string}\"},\"query-input\":{\"@type\":\"PropertyValueSpecification\",\"valueRequired\":true,\"valueName\":\"search_term_string\"}}],\"inLanguage\":\"fr-FR\"}]}<\/script>\n<!-- \/ Yoast SEO plugin. -->","yoast_head_json":{"title":"Les Go\u00fbters du Kinky Club - Kinky Club : vid\u00e9os de Kinbaku","robots":{"index":"index","follow":"follow","max-snippet":"max-snippet:-1","max-image-preview":"max-image-preview:large","max-video-preview":"max-video-preview:-1"},"canonical":"https:\/\/kinkyclub.fr\/index.php\/les-gouters-du-kinky-club\/","og_locale":"fr_FR","og_type":"article","og_title":"Les Go\u00fbters du Kinky Club - Kinky Club : vid\u00e9os de Kinbaku","og_description":"Nous sommes au regret de vous informer qu&#8217;\u00e0 compter du 24\/01\/20 inclus, le KinkyClub n&#8217;assure plus l\u2019organisation des Go\u00fbters chez Cris&amp;Chuchotements. La Direction du Club souhaite une nouvelle activit\u00e9 que les Go\u00fbters du KinkyClub. Si un autre &#8220;Go\u00fbter&#8221; se tient le m\u00eame jour dans cet \u00e9tablissement, nous n&#8217;en garantissons ni l&#8217;ambiance, ni les tarifs ni [&hellip;]","og_url":"https:\/\/kinkyclub.fr\/index.php\/les-gouters-du-kinky-club\/","og_site_name":"Kinky Club : vid\u00e9os de Kinbaku","article_publisher":"https:\/\/www.facebook.com\/kinkyclubparis","article_modified_time":"2020-02-17T07:58:03+00:00","twitter_card":"summary_large_image","twitter_site":"@kinkyclub","twitter_misc":{"Dur\u00e9e de lecture estim\u00e9e":"1 minute"},"schema":{"@context":"https:\/\/schema.org","@graph":[{"@type":"WebPage","@id":"https:\/\/kinkyclub.fr\/index.php\/les-gouters-du-kinky-club\/","url":"https:\/\/kinkyclub.fr\/index.php\/les-gouters-du-kinky-club\/","name":"Les Go\u00fbters du Kinky Club - Kinky Club : vid\u00e9os de Kinbaku","isPartOf":{"@id":"https:\/\/kinkyclub.fr\/#website"},"datePublished":"2017-04-06T10:02:35+00:00","dateModified":"2020-02-17T07:58:03+00:00","breadcrumb":{"@id":"https:\/\/kinkyclub.fr\/index.php\/les-gouters-du-kinky-club\/#breadcrumb"},"inLanguage":"fr-FR","potentialAction":[{"@type":"ReadAction","target":["https:\/\/kinkyclub.fr\/index.php\/les-gouters-du-kinky-club\/"]}]},{"@type":"BreadcrumbList","@id":"https:\/\/kinkyclub.fr\/index.php\/les-gouters-du-kinky-club\/#breadcrumb","itemListElement":[{"@type":"ListItem","position":1,"name":"Home","item":"https:\/\/kinkyclub.fr\/"},{"@type":"ListItem","position":2,"name":"Les Go\u00fbters du Kinky Club"}]},{"@type":"WebSite","@id":"https:\/\/kinkyclub.fr\/#website","url":"https:\/\/kinkyclub.fr\/","name":"Kinky Club : vid\u00e9os de Kinbaku","description":"Raw Kinbaku. La corde ne ment jamais.","potentialAction":[{"@type":"SearchAction","target":{"@type":"EntryPoint","urlTemplate":"https:\/\/kinkyclub.fr\/?s={search_term_string}"},"query-input":{"@type":"PropertyValueSpecification","valueRequired":true,"valueName":"search_term_string"}}],"inLanguage":"fr-FR"}]}},"_links":{"self":[{"href":"https:\/\/kinkyclub.fr\/index.php\/wp-json\/wp\/v2\/pages\/2","targetHints":{"allow":["GET"]}}],"collection":[{"href":"https:\/\/kinkyclub.fr\/index.php\/wp-json\/wp\/v2\/pages"}],"about":[{"href":"https:\/\/kinkyclub.fr\/index.php\/wp-json\/wp\/v2\/types\/page"}],"author":[{"embeddable":true,"href":"https:\/\/kinkyclub.fr\/index.php\/wp-json\/wp\/v2\/users\/1"}],"replies":[{"embeddable":true,"href":"https:\/\/kinkyclub.fr\/index.php\/wp-json\/wp\/v2\/comments?post=2"}],"version-history":[{"count":44,"href":"https:\/\/kinkyclub.fr\/index.php\/wp-json\/wp\/v2\/pages\/2\/revisions"}],"predecessor-version":[{"id":3107,"href":"https:\/\/kinkyclub.fr\/index.php\/wp-json\/wp\/v2\/pages\/2\/revisions\/3107"}],"wp:attachment":[{"href":"https:\/\/kinkyclub.fr\/index.php\/wp-json\/wp\/v2\/media?parent=2"}],"curies":[{"name":"wp","href":"https:\/\/api.w.org\/{rel}","templated":true}]}}