{"id":3133,"date":"2020-03-01T11:15:12","date_gmt":"2020-03-01T10:15:12","guid":{"rendered":"https:\/\/kinkyclub.fr\/index.php\/evenements\/"},"modified":"2020-03-01T11:15:12","modified_gmt":"2020-03-01T10:15:12","slug":"evenements","status":"publish","type":"page","link":"https:\/\/kinkyclub.fr\/index.php\/evenements\/","title":{"rendered":"\u00c9v\u00e9nements"},"content":{"rendered":"<p>[events]<\/p>\n","protected":false},"excerpt":{"rendered":"<p>[events]<\/p>\n","protected":false},"author":1,"featured_media":0,"parent":0,"menu_order":0,"comment_status":"closed","ping_status":"closed","template":"","meta":{"footnotes":""},"class_list":["post-3133","page","type-page","status-publish"],"yoast_head":"<!-- This site is optimized with the Yoast SEO plugin v27.3 - https:\/\/yoast.com\/product\/yoast-seo-wordpress\/ -->\n<title>\u00c9v\u00e9nements - Kinky Club : vid\u00e9os de Kinbaku<\/title>\n<meta name=\"robots\" content=\"index, follow, max-snippet:-1, max-image-preview:large, max-video-preview:-1\" \/>\n<link rel=\"canonical\" href=\"https:\/\/kinkyclub.fr\/index.php\/evenements\/\" \/>\n<meta property=\"og:locale\" content=\"fr_FR\" \/>\n<meta property=\"og:type\" content=\"article\" \/>\n<meta property=\"og:title\" content=\"\u00c9v\u00e9nements - Kinky Club : vid\u00e9os de Kinbaku\" \/>\n<meta property=\"og:description\" content=\"[events]\" \/>\n<meta property=\"og:url\" content=\"https:\/\/kinkyclub.fr\/index.php\/evenements\/\" \/>\n<meta property=\"og:site_name\" content=\"Kinky Club : vid\u00e9os de Kinbaku\" \/>\n<meta property=\"article:publisher\" content=\"https:\/\/www.facebook.com\/kinkyclubparis\" \/>\n<meta name=\"twitter:card\" content=\"summary_large_image\" \/>\n<meta name=\"twitter:site\" content=\"@kinkyclub\" \/>\n<script type=\"application\/ld+json\" class=\"yoast-schema-graph\">{\"@context\":\"https:\\\/\\\/schema.org\",\"@graph\":[{\"@type\":\"WebPage\",\"@id\":\"https:\\\/\\\/kinkyclub.fr\\\/index.php\\\/evenements\\\/\",\"url\":\"https:\\\/\\\/kinkyclub.fr\\\/index.php\\\/evenements\\\/\",\"name\":\"\u00c9v\u00e9nements - Kinky Club : vid\u00e9os de Kinbaku\",\"isPartOf\":{\"@id\":\"https:\\\/\\\/kinkyclub.fr\\\/#website\"},\"datePublished\":\"2020-03-01T10:15:12+00:00\",\"breadcrumb\":{\"@id\":\"https:\\\/\\\/kinkyclub.fr\\\/index.php\\\/evenements\\\/#breadcrumb\"},\"inLanguage\":\"fr-FR\",\"potentialAction\":[{\"@type\":\"ReadAction\",\"target\":[\"https:\\\/\\\/kinkyclub.fr\\\/index.php\\\/evenements\\\/\"]}]},{\"@type\":\"BreadcrumbList\",\"@id\":\"https:\\\/\\\/kinkyclub.fr\\\/index.php\\\/evenements\\\/#breadcrumb\",\"itemListElement\":[{\"@type\":\"ListItem\",\"position\":1,\"name\":\"Home\",\"item\":\"https:\\\/\\\/kinkyclub.fr\\\/\"},{\"@type\":\"ListItem\",\"position\":2,\"name\":\"\u00c9v\u00e9nements\"}]},{\"@type\":\"WebSite\",\"@id\":\"https:\\\/\\\/kinkyclub.fr\\\/#website\",\"url\":\"https:\\\/\\\/kinkyclub.fr\\\/\",\"name\":\"Kinky Club : vid\u00e9os de Kinbaku\",\"description\":\"Raw Kinbaku. La corde ne ment jamais.\",\"potentialAction\":[{\"@type\":\"SearchAction\",\"target\":{\"@type\":\"EntryPoint\",\"urlTemplate\":\"https:\\\/\\\/kinkyclub.fr\\\/?s={search_term_string}\"},\"query-input\":{\"@type\":\"PropertyValueSpecification\",\"valueRequired\":true,\"valueName\":\"search_term_string\"}}],\"inLanguage\":\"fr-FR\"}]}<\/script>\n<!-- \/ Yoast SEO plugin. -->","yoast_head_json":{"title":"\u00c9v\u00e9nements - Kinky Club : vid\u00e9os de Kinbaku","robots":{"index":"index","follow":"follow","max-snippet":"max-snippet:-1","max-image-preview":"max-image-preview:large","max-video-preview":"max-video-preview:-1"},"canonical":"https:\/\/kinkyclub.fr\/index.php\/evenements\/","og_locale":"fr_FR","og_type":"article","og_title":"\u00c9v\u00e9nements - Kinky Club : vid\u00e9os de Kinbaku","og_description":"[events]","og_url":"https:\/\/kinkyclub.fr\/index.php\/evenements\/","og_site_name":"Kinky Club : vid\u00e9os de Kinbaku","article_publisher":"https:\/\/www.facebook.com\/kinkyclubparis","twitter_card":"summary_large_image","twitter_site":"@kinkyclub","schema":{"@context":"https:\/\/schema.org","@graph":[{"@type":"WebPage","@id":"https:\/\/kinkyclub.fr\/index.php\/evenements\/","url":"https:\/\/kinkyclub.fr\/index.php\/evenements\/","name":"\u00c9v\u00e9nements - Kinky Club : vid\u00e9os de Kinbaku","isPartOf":{"@id":"https:\/\/kinkyclub.fr\/#website"},"datePublished":"2020-03-01T10:15:12+00:00","breadcrumb":{"@id":"https:\/\/kinkyclub.fr\/index.php\/evenements\/#breadcrumb"},"inLanguage":"fr-FR","potentialAction":[{"@type":"ReadAction","target":["https:\/\/kinkyclub.fr\/index.php\/evenements\/"]}]},{"@type":"BreadcrumbList","@id":"https:\/\/kinkyclub.fr\/index.php\/evenements\/#breadcrumb","itemListElement":[{"@type":"ListItem","position":1,"name":"Home","item":"https:\/\/kinkyclub.fr\/"},{"@type":"ListItem","position":2,"name":"\u00c9v\u00e9nements"}]},{"@type":"WebSite","@id":"https:\/\/kinkyclub.fr\/#website","url":"https:\/\/kinkyclub.fr\/","name":"Kinky Club : vid\u00e9os de Kinbaku","description":"Raw Kinbaku. La corde ne ment jamais.","potentialAction":[{"@type":"SearchAction","target":{"@type":"EntryPoint","urlTemplate":"https:\/\/kinkyclub.fr\/?s={search_term_string}"},"query-input":{"@type":"PropertyValueSpecification","valueRequired":true,"valueName":"search_term_string"}}],"inLanguage":"fr-FR"}]}},"_links":{"self":[{"href":"https:\/\/kinkyclub.fr\/index.php\/wp-json\/wp\/v2\/pages\/3133","targetHints":{"allow":["GET"]}}],"collection":[{"href":"https:\/\/kinkyclub.fr\/index.php\/wp-json\/wp\/v2\/pages"}],"about":[{"href":"https:\/\/kinkyclub.fr\/index.php\/wp-json\/wp\/v2\/types\/page"}],"author":[{"embeddable":true,"href":"https:\/\/kinkyclub.fr\/index.php\/wp-json\/wp\/v2\/users\/1"}],"replies":[{"embeddable":true,"href":"https:\/\/kinkyclub.fr\/index.php\/wp-json\/wp\/v2\/comments?post=3133"}],"version-history":[{"count":1,"href":"https:\/\/kinkyclub.fr\/index.php\/wp-json\/wp\/v2\/pages\/3133\/revisions"}],"predecessor-version":[{"id":3138,"href":"https:\/\/kinkyclub.fr\/index.php\/wp-json\/wp\/v2\/pages\/3133\/revisions\/3138"}],"wp:attachment":[{"href":"https:\/\/kinkyclub.fr\/index.php\/wp-json\/wp\/v2\/media?parent=3133"}],"curies":[{"name":"wp","href":"https:\/\/api.w.org\/{rel}","templated":true}]}}